{"id":889,"date":"2021-12-14T09:22:46","date_gmt":"2021-12-14T09:22:46","guid":{"rendered":"https:\/\/swissplas.cz\/home\/"},"modified":"2022-04-17T07:35:45","modified_gmt":"2022-04-17T07:35:45","slug":"home","status":"publish","type":"page","link":"https:\/\/swissplas.cz\/en\/home\/","title":{"rendered":"Home"},"content":{"rendered":"<p>[et_pb_section fb_built=&#8221;1&#8243; admin_label=&#8221;Home Header&#8221; module_class=&#8221;home-header&#8221; _builder_version=&#8221;4.14.6&#8243; _module_preset=&#8221;fdba456b-3aab-4823-ac95-30ff89c7be22&#8243; background_image=&#8221;https:\/\/swissplas.cz\/wp-content\/uploads\/2022\/03\/swiss_PVD_Coating_Header_Bild_Home.jpg&#8221; min_height=&#8221;100vh&#8221; min_height_tablet=&#8221;&#8221; min_height_phone=&#8221;&#8221; min_height_last_edited=&#8221;on|phone&#8221; custom_margin_tablet=&#8221;&#8221; custom_margin_phone=&#8221;-106px||||false|false&#8221; custom_margin_last_edited=&#8221;on|phone&#8221; custom_padding=&#8221;0px||0px||false|false&#8221; global_colors_info=&#8221;{}&#8221;][et_pb_row custom_padding_last_edited=&#8221;on|desktop&#8221; _builder_version=&#8221;4.14.6&#8243; _module_preset=&#8221;bfccc00c-ac70-482f-9713-4846d3a5dda8&#8243; min_height=&#8221;100vh&#8221; min_height_tablet=&#8221;35vw&#8221; min_height_phone=&#8221;35vw&#8221; min_height_last_edited=&#8221;off|desktop&#8221; custom_padding=&#8221;0px||100px||false|false&#8221; custom_padding_tablet=&#8221;0px||40px||false|false&#8221; custom_padding_phone=&#8221;0px||35px||false|false&#8221; custom_css_main_element=&#8221;display: flex;||flex-direction: column;||justify-content:flex-end;&#8221; global_colors_info=&#8221;{}&#8221;][et_pb_column type=&#8221;4_4&#8243; _builder_version=&#8221;4.14.6&#8243; _module_preset=&#8221;default&#8221; global_colors_info=&#8221;{}&#8221;][et_pb_text _builder_version=&#8221;4.14.6&#8243; _module_preset=&#8221;default&#8221; header_text_color=&#8221;#FFFFFF&#8221; custom_margin=&#8221;||-7px||false|false&#8221; custom_margin_tablet=&#8221;||-9px||false|false&#8221; custom_margin_phone=&#8221;||-10px||false|false&#8221; custom_margin_last_edited=&#8221;on|desktop&#8221; hover_enabled=&#8221;0&#8243; global_colors_info=&#8221;{}&#8221; sticky_enabled=&#8221;0&#8243;]<\/p>\n<h1>PVD Beschichtungen<\/h1>\n<p>[\/et_pb_text][et_pb_text _builder_version=&#8221;4.14.6&#8243; _module_preset=&#8221;default&#8221; header_font=&#8221;Biennale Light||||||||&#8221; header_text_color=&#8221;#FFFFFF&#8221; custom_margin=&#8221;||18px||false|false&#8221; custom_margin_tablet=&#8221;||10px||false|false&#8221; custom_margin_phone=&#8221;||10px||false|false&#8221; custom_margin_last_edited=&#8221;on|desktop&#8221; hover_enabled=&#8221;0&#8243; global_colors_info=&#8221;{}&#8221; sticky_enabled=&#8221;0&#8243;]<\/p>\n<h1>swiss-PVD Coating AG<\/h1>\n<p>[\/et_pb_text][et_pb_image src=&#8221;https:\/\/swissplas.cz\/wp-content\/uploads\/2022\/01\/Header_Pfeil.svg&#8221; title_text=&#8221;Header_Pfeil&#8221; url=&#8221;#starttext&#8221; _builder_version=&#8221;4.14.6&#8243; _module_preset=&#8221;default&#8221; width=&#8221;70px&#8221; width_tablet=&#8221;55px&#8221; width_phone=&#8221;45px&#8221; width_last_edited=&#8221;on|desktop&#8221; global_colors_info=&#8221;{}&#8221;][\/et_pb_image][\/et_pb_column][\/et_pb_row][\/et_pb_section][et_pb_section fb_built=&#8221;1&#8243; admin_label=&#8221;Sektion&#8221; module_id=&#8221;starttext&#8221; _builder_version=&#8221;4.14.6&#8243; _module_preset=&#8221;fdba456b-3aab-4823-ac95-30ff89c7be22&#8243; custom_padding=&#8221;80px|||||&#8221; global_colors_info=&#8221;{}&#8221;][et_pb_row _builder_version=&#8221;4.14.2&#8243; _module_preset=&#8221;bfccc00c-ac70-482f-9713-4846d3a5dda8&#8243; global_colors_info=&#8221;{}&#8221;][et_pb_column type=&#8221;4_4&#8243; _builder_version=&#8221;4.14.2&#8243; _module_preset=&#8221;default&#8221; global_colors_info=&#8221;{}&#8221;][et_pb_text _builder_version=&#8221;4.14.6&#8243; _module_preset=&#8221;9171a5ab-4b16-49db-a0f8-6428bbd4c5d3&#8243; custom_margin=&#8221;||-5px||false|false&#8221; custom_margin_tablet=&#8221;||-8px||false|false&#8221; custom_margin_phone=&#8221;||-8px||false|false&#8221; custom_margin_last_edited=&#8221;on|desktop&#8221; inline_fonts=&#8221;Biennale Regular,Biennale Light&#8221; global_colors_info=&#8221;{}&#8221;]<\/p>\n<h2>Hightech PVD L\u00f6sungen<\/h2>\n<p>[\/et_pb_text][\/et_pb_column][\/et_pb_row][et_pb_row column_structure=&#8221;1_2,1_2&#8243; use_custom_gutter=&#8221;on&#8221; _builder_version=&#8221;4.14.2&#8243; _module_preset=&#8221;bfccc00c-ac70-482f-9713-4846d3a5dda8&#8243; global_colors_info=&#8221;{}&#8221;][et_pb_column type=&#8221;1_2&#8243; _builder_version=&#8221;4.14.2&#8243; _module_preset=&#8221;default&#8221; global_colors_info=&#8221;{}&#8221;][et_pb_text _builder_version=&#8221;4.14.6&#8243; _module_preset=&#8221;9171a5ab-4b16-49db-a0f8-6428bbd4c5d3&#8243; global_colors_info=&#8221;{}&#8221;]<\/p>\n<p>Die swiss-PVD Coating AG ist ein unabh\u00e4ngig gef\u00fchrtes Familienunternehmen mit Sitz in der Schweiz. Wir bieten hochwertige Beschichtungsl\u00f6sungen f\u00fcr den Verschlei\u00df-Schutz von Werkzeugen, f\u00fcr dekorative Anwendungen und f\u00fcr den Medizinal Bereich.<\/p>\n<p>[\/et_pb_text][\/et_pb_column][et_pb_column type=&#8221;1_2&#8243; _builder_version=&#8221;4.14.2&#8243; _module_preset=&#8221;default&#8221; global_colors_info=&#8221;{}&#8221;][et_pb_text _builder_version=&#8221;4.14.6&#8243; _module_preset=&#8221;9171a5ab-4b16-49db-a0f8-6428bbd4c5d3&#8243; global_colors_info=&#8221;{}&#8221;]<\/p>\n<p>Mit unserer Technologie verbessern wir die Leistung, sowie die Haltbarkeit und Zuverl\u00e4ssigkeit Ihrer Komponenten in allen Bereichen. Als ein ISO 9001:2015 &amp; ISO 13485:2016 zertifiziertes Unternehmen sind wir stets bestrebt unsere Beschichtungen und Dienstleistungen mit einem H\u00f6chstma\u00df an Qualit\u00e4t anzubieten.<\/p>\n<p>[\/et_pb_text][\/et_pb_column][\/et_pb_row][\/et_pb_section][et_pb_section fb_built=&#8221;1&#8243; _builder_version=&#8221;4.14.2&#8243; _module_preset=&#8221;fdba456b-3aab-4823-ac95-30ff89c7be22&#8243; global_colors_info=&#8221;{}&#8221;][et_pb_row column_structure=&#8221;1_2,1_2&#8243; use_custom_gutter=&#8221;on&#8221; gutter_width=&#8221;1&#8243; module_class=&#8221;custom-text&#8221; _builder_version=&#8221;4.14.6&#8243; _module_preset=&#8221;bfccc00c-ac70-482f-9713-4846d3a5dda8&#8243; global_colors_info=&#8221;{}&#8221;][et_pb_column type=&#8221;1_2&#8243; module_class=&#8221;teaser&#8221; _builder_version=&#8221;4.14.6&#8243; _module_preset=&#8221;default&#8221; link_option_url=&#8221;https:\/\/swissplas.cz\/beschichtungen\/&#8221; global_colors_info=&#8221;{}&#8221;][et_pb_image src=&#8221;https:\/\/swissplas.cz\/wp-content\/uploads\/2022\/02\/swiss_PVD_Coating_Teaser_Home_A.jpg&#8221; title_text=&#8221;swiss_PVD_Coating_Teaser_Home_A&#8221; module_class=&#8221;et-zoom-in&#8221; _builder_version=&#8221;4.14.6&#8243; _module_preset=&#8221;default&#8221; global_colors_info=&#8221;{}&#8221;][\/et_pb_image][et_pb_text admin_label=&#8221;Teaser-Text mit Rand B&#8221; _builder_version=&#8221;4.14.6&#8243; _module_preset=&#8221;default&#8221; text_font=&#8221;Biennale Medium||||||||&#8221; text_text_color=&#8221;#FFFFFF&#8221; text_font_size=&#8221;2.4vw&#8221; text_letter_spacing=&#8221;0px&#8221; header_4_text_color=&#8221;#FFFFFF&#8221; positioning=&#8221;absolute&#8221; position_origin_a=&#8221;bottom_left&#8221; vertical_offset=&#8221;0px&#8221; horizontal_offset=&#8221;3.3vw&#8221; horizontal_offset_tablet=&#8221;5vw&#8221; horizontal_offset_phone=&#8221;5vw&#8221; horizontal_offset_last_edited=&#8221;on|tablet&#8221; width_tablet=&#8221;&#8221; width_phone=&#8221;auto&#8221; width_last_edited=&#8221;on|phone&#8221; custom_margin_tablet=&#8221;&#8221; custom_margin_phone=&#8221;&#8221; custom_margin_last_edited=&#8221;on|tablet&#8221; custom_padding=&#8221;||1.6vw||false|false&#8221; custom_padding_tablet=&#8221;||2vw||false|false&#8221; custom_padding_phone=&#8221;||2vw||false|false&#8221; custom_padding_last_edited=&#8221;on|desktop&#8221; text_font_size_tablet=&#8221;5vw&#8221; text_font_size_phone=&#8221;5vw&#8221; text_font_size_last_edited=&#8221;on|tablet&#8221; border_color_all=&#8221;#FFFFFF&#8221; border_width_bottom=&#8221;1.6vw&#8221; border_width_bottom_tablet=&#8221;2.8vw&#8221; border_width_bottom_phone=&#8221;2.8vw&#8221; border_width_bottom_last_edited=&#8221;on|tablet&#8221; global_colors_info=&#8221;{}&#8221; border_color_bottom__hover_enabled=&#8221;on|desktop&#8221; border_color_bottom__hover=&#8221;#0B6FB5&#8243;]<\/p>\n<p>Beschichtungen<\/p>\n<p>[\/et_pb_text][et_pb_image src=&#8221;https:\/\/swissplas.cz\/wp-content\/uploads\/2022\/01\/Teaser-Pfeil_A.svg&#8221; title_text=&#8221;Teaser-Pfeil_A&#8221; align=&#8221;right&#8221; _builder_version=&#8221;4.14.6&#8243; _module_preset=&#8221;default&#8221; positioning=&#8221;absolute&#8221; position_origin_a=&#8221;bottom_right&#8221; vertical_offset=&#8221;2.8vw&#8221; horizontal_offset=&#8221;2.2vw&#8221; z_index=&#8221;9&#8243; vertical_offset_tablet=&#8221;3.8vw&#8221; vertical_offset_phone=&#8221;3.8vw&#8221; vertical_offset_last_edited=&#8221;on|tablet&#8221; horizontal_offset_tablet=&#8221;3.8vw&#8221; horizontal_offset_phone=&#8221;3.8vw&#8221; horizontal_offset_last_edited=&#8221;on|tablet&#8221; width=&#8221;3.6vw&#8221; width_tablet=&#8221;8vw&#8221; width_phone=&#8221;8vw&#8221; width_last_edited=&#8221;on|tablet&#8221; global_colors_info=&#8221;{}&#8221;][\/et_pb_image][\/et_pb_column][et_pb_column type=&#8221;1_2&#8243; module_class=&#8221;teaser&#8221; _builder_version=&#8221;4.14.6&#8243; _module_preset=&#8221;default&#8221; link_option_url=&#8221;https:\/\/swissplas.cz\/service&#8221; global_colors_info=&#8221;{}&#8221;][et_pb_image src=&#8221;https:\/\/swissplas.cz\/wp-content\/uploads\/2022\/02\/swiss_PVD_Coating_Teaser_Home_B.jpg&#8221; title_text=&#8221;swiss_PVD_Coating_Teaser_Home_B&#8221; module_class=&#8221;et-zoom-in&#8221; _builder_version=&#8221;4.14.6&#8243; _module_preset=&#8221;default&#8221; global_colors_info=&#8221;{}&#8221;][\/et_pb_image][et_pb_text admin_label=&#8221;Teaser-Text mit Rand B&#8221; _builder_version=&#8221;4.14.2&#8243; _module_preset=&#8221;default&#8221; text_font=&#8221;Biennale Medium||||||||&#8221; text_text_color=&#8221;#FFFFFF&#8221; text_font_size=&#8221;2.4vw&#8221; text_letter_spacing=&#8221;0px&#8221; header_4_text_color=&#8221;#FFFFFF&#8221; positioning=&#8221;absolute&#8221; position_origin_a=&#8221;bottom_left&#8221; vertical_offset=&#8221;0px&#8221; horizontal_offset=&#8221;3.3vw&#8221; horizontal_offset_tablet=&#8221;5vw&#8221; horizontal_offset_phone=&#8221;5vw&#8221; horizontal_offset_last_edited=&#8221;on|tablet&#8221; width_tablet=&#8221;auto&#8221; width_phone=&#8221;auto&#8221; width_last_edited=&#8221;on|desktop&#8221; custom_padding=&#8221;||1.6vw||false|false&#8221; custom_padding_tablet=&#8221;||2vw||false|false&#8221; custom_padding_phone=&#8221;||2vw||false|false&#8221; custom_padding_last_edited=&#8221;on|tablet&#8221; text_font_size_tablet=&#8221;5vw&#8221; text_font_size_phone=&#8221;5vw&#8221; text_font_size_last_edited=&#8221;on|tablet&#8221; border_color_all=&#8221;#FFFFFF&#8221; border_width_bottom=&#8221;1.6vw&#8221; border_width_bottom_tablet=&#8221;2.8vw&#8221; border_width_bottom_phone=&#8221;2.8vw&#8221; border_width_bottom_last_edited=&#8221;on|tablet&#8221; global_colors_info=&#8221;{}&#8221; border_color_bottom__hover_enabled=&#8221;on|desktop&#8221; border_color_bottom__hover=&#8221;#0B6FB5&#8243;]<\/p>\n<p>Service<\/p>\n<p>[\/et_pb_text][et_pb_image src=&#8221;https:\/\/swissplas.cz\/wp-content\/uploads\/2022\/01\/Teaser-Pfeil_A.svg&#8221; title_text=&#8221;Teaser-Pfeil_A&#8221; align=&#8221;right&#8221; _builder_version=&#8221;4.14.2&#8243; _module_preset=&#8221;default&#8221; positioning=&#8221;absolute&#8221; position_origin_a=&#8221;bottom_right&#8221; vertical_offset=&#8221;2.8vw&#8221; horizontal_offset=&#8221;2.2vw&#8221; z_index=&#8221;9&#8243; vertical_offset_tablet=&#8221;3.8vw&#8221; vertical_offset_phone=&#8221;3.8vw&#8221; vertical_offset_last_edited=&#8221;on|tablet&#8221; horizontal_offset_tablet=&#8221;3.8vw&#8221; horizontal_offset_phone=&#8221;3.8vw&#8221; horizontal_offset_last_edited=&#8221;on|tablet&#8221; width=&#8221;3.6vw&#8221; width_tablet=&#8221;8vw&#8221; width_phone=&#8221;8vw&#8221; width_last_edited=&#8221;on|tablet&#8221; global_colors_info=&#8221;{}&#8221;][\/et_pb_image][\/et_pb_column][\/et_pb_row][\/et_pb_section][et_pb_section fb_built=&#8221;1&#8243; _builder_version=&#8221;4.14.2&#8243; _module_preset=&#8221;fdba456b-3aab-4823-ac95-30ff89c7be22&#8243; global_colors_info=&#8221;{}&#8221;][et_pb_row _builder_version=&#8221;4.14.2&#8243; _module_preset=&#8221;bfccc00c-ac70-482f-9713-4846d3a5dda8&#8243; global_colors_info=&#8221;{}&#8221;][et_pb_column type=&#8221;4_4&#8243; _builder_version=&#8221;4.14.2&#8243; _module_preset=&#8221;default&#8221; global_colors_info=&#8221;{}&#8221;][et_pb_nextend_smart_slider_3 slider=&#8221;2&#8243; _builder_version=&#8221;4.14.2&#8243; _module_preset=&#8221;default&#8221; global_colors_info=&#8221;{}&#8221;][\/et_pb_nextend_smart_slider_3][\/et_pb_column][\/et_pb_row][\/et_pb_section][et_pb_section fb_built=&#8221;1&#8243; _builder_version=&#8221;4.14.6&#8243; _module_preset=&#8221;fdba456b-3aab-4823-ac95-30ff89c7be22&#8243; global_colors_info=&#8221;{}&#8221;][et_pb_row column_structure=&#8221;1_2,1_2&#8243; use_custom_gutter=&#8221;on&#8221; gutter_width=&#8221;4&#8243; make_equal=&#8221;on&#8221; _builder_version=&#8221;4.14.6&#8243; _module_preset=&#8221;bfccc00c-ac70-482f-9713-4846d3a5dda8&#8243; global_colors_info=&#8221;{}&#8221;][et_pb_column type=&#8221;1_2&#8243; _builder_version=&#8221;4.14.6&#8243; _module_preset=&#8221;default&#8221; background_color=&#8221;#eef3f6&#8243; link_option_url=&#8221;https:\/\/swissplas.cz\/news\/&#8221; global_colors_info=&#8221;{}&#8221;][et_pb_text _builder_version=&#8221;4.14.6&#8243; _module_preset=&#8221;default&#8221; text_font=&#8221;Biennale Medium||||||||&#8221; text_text_color=&#8221;#FFFFFF&#8221; text_font_size=&#8221;7.2vw&#8221; text_letter_spacing=&#8221;4px&#8221; width=&#8221;100%&#8221; custom_margin=&#8221;-1.5vw||0px||false|false&#8221; custom_margin_tablet=&#8221;0vw||||false|false&#8221; custom_margin_phone=&#8221;0vw||||false|false&#8221; custom_margin_last_edited=&#8221;on|desktop&#8221; custom_padding=&#8221;|||0.8vw|false|false&#8221; text_font_size_tablet=&#8221;85px&#8221; text_font_size_phone=&#8221;55px&#8221; text_font_size_last_edited=&#8221;on|phone&#8221; text_letter_spacing_tablet=&#8221;4px&#8221; text_letter_spacing_phone=&#8221;4px&#8221; text_letter_spacing_last_edited=&#8221;on|tablet&#8221; global_colors_info=&#8221;{}&#8221;]<\/p>\n<p>News<\/p>\n<p>[\/et_pb_text][et_pb_text _builder_version=&#8221;4.14.2&#8243; _module_preset=&#8221;default&#8221; text_text_color=&#8221;rgba(18,48,73,0.67)&#8221; custom_margin=&#8221;-0.8vw||0.4vw||false|false&#8221; custom_padding=&#8221;|2vw||2.6vw|false|false&#8221; global_colors_info=&#8221;{}&#8221;]<\/p>\n<p>20.06.2022<\/p>\n<p>[\/et_pb_text][et_pb_text _builder_version=&#8221;4.14.6&#8243; _module_preset=&#8221;9171a5ab-4b16-49db-a0f8-6428bbd4c5d3&#8243; custom_margin=&#8221;||1vw||false|false&#8221; custom_padding=&#8221;|2vw||2.6vw|false|false&#8221; global_colors_info=&#8221;{}&#8221;]<\/p>\n<h3>Lorem ipsum dolor sit amet consetetur sadipscing elitr.<\/h3>\n<p>[\/et_pb_text][et_pb_text _builder_version=&#8221;4.14.6&#8243; _module_preset=&#8221;default&#8221; custom_margin=&#8221;||7.2vw||false|false&#8221; custom_margin_tablet=&#8221;||102px||false|false&#8221; custom_margin_phone=&#8221;||76px||false|false&#8221; custom_margin_last_edited=&#8221;on|phone&#8221; custom_padding=&#8221;|2vw||2.6vw|false|false&#8221; global_colors_info=&#8221;{}&#8221;]<\/p>\n<p>Lorem ipsum dolor sit amet, consetetur sadipscing elitr, sed diam nonumy eirmod tempor invidunt ut labore et dolore magna aliquyam erat, sed diam voluptua.<\/p>\n<p>[\/et_pb_text][et_pb_button button_url=&#8221;https:\/\/swissplas.cz\/news\/&#8221; button_text=&#8221;Mehr erfahren&#8221; _builder_version=&#8221;4.14.6&#8243; _module_preset=&#8221;default&#8221; custom_button=&#8221;on&#8221; button_text_size=&#8221;19px&#8221; button_text_color=&#8221;rgba(18,48,73,0.76)&#8221; button_border_color=&#8221;rgba(18,48,73,0.46)&#8221; button_border_radius=&#8221;100px&#8221; button_use_icon=&#8221;off&#8221; positioning=&#8221;absolute&#8221; position_origin_a=&#8221;bottom_left&#8221; custom_margin=&#8221;||2vw|2.6vw|false|false&#8221; custom_margin_tablet=&#8221;||32px||false|false&#8221; custom_margin_phone=&#8221;||20px||false|false&#8221; custom_margin_last_edited=&#8221;on|desktop&#8221; custom_padding=&#8221;||||false|false&#8221; button_text_size_tablet=&#8221;18px&#8221; button_text_size_phone=&#8221;16px&#8221; button_text_size_last_edited=&#8221;on|desktop&#8221; global_colors_info=&#8221;{}&#8221;][\/et_pb_button][\/et_pb_column][et_pb_column type=&#8221;1_2&#8243; _builder_version=&#8221;4.14.6&#8243; _module_preset=&#8221;default&#8221; background_color=&#8221;#eef3f6&#8243; link_option_url=&#8221;https:\/\/swissplas.cz\/news\/&#8221; global_colors_info=&#8221;{}&#8221;][et_pb_text _builder_version=&#8221;4.14.6&#8243; _module_preset=&#8221;default&#8221; text_font=&#8221;Biennale Medium||||||||&#8221; text_text_color=&#8221;#FFFFFF&#8221; text_font_size=&#8221;7.2vw&#8221; text_letter_spacing=&#8221;4px&#8221; width=&#8221;100%&#8221; custom_margin=&#8221;-1.5vw||0px||false|false&#8221; custom_margin_tablet=&#8221;0vw||||false|false&#8221; custom_margin_phone=&#8221;0vw||||false|false&#8221; custom_margin_last_edited=&#8221;on|desktop&#8221; custom_padding=&#8221;|||0.8vw|false|false&#8221; text_font_size_tablet=&#8221;85px&#8221; text_font_size_phone=&#8221;55px&#8221; text_font_size_last_edited=&#8221;on|phone&#8221; text_letter_spacing_tablet=&#8221;4px&#8221; text_letter_spacing_phone=&#8221;4px&#8221; text_letter_spacing_last_edited=&#8221;on|tablet&#8221; global_colors_info=&#8221;{}&#8221;]<\/p>\n<p>News<\/p>\n<p>[\/et_pb_text][et_pb_text _builder_version=&#8221;4.14.2&#8243; _module_preset=&#8221;default&#8221; text_text_color=&#8221;rgba(18,48,73,0.67)&#8221; custom_margin=&#8221;-0.8vw||0.4vw||false|false&#8221; custom_padding=&#8221;|2vw||2.6vw|false|false&#8221; global_colors_info=&#8221;{}&#8221;]<\/p>\n<p>20.06.2022<\/p>\n<p>[\/et_pb_text][et_pb_text _builder_version=&#8221;4.14.6&#8243; _module_preset=&#8221;9171a5ab-4b16-49db-a0f8-6428bbd4c5d3&#8243; custom_margin=&#8221;||1vw||false|false&#8221; custom_padding=&#8221;|2vw||2.6vw|false|false&#8221; global_colors_info=&#8221;{}&#8221;]<\/p>\n<h3>Lorem ipsum dolor sit amet consetetur sadipscing elitr.<\/h3>\n<p>[\/et_pb_text][et_pb_text _builder_version=&#8221;4.14.6&#8243; _module_preset=&#8221;default&#8221; custom_margin=&#8221;||7.2vw||false|false&#8221; custom_margin_tablet=&#8221;||102px||false|false&#8221; custom_margin_phone=&#8221;||76px||false|false&#8221; custom_margin_last_edited=&#8221;on|phone&#8221; custom_padding=&#8221;|2vw||2.6vw|false|false&#8221; global_colors_info=&#8221;{}&#8221;]<\/p>\n<p>Lorem ipsum dolor sit amet, consetetur sadipscing elitr, sed diam nonumy eirmod tempor invidunt ut labore et dolore magna aliquyam erat, sed diam voluptua.<\/p>\n<p>[\/et_pb_text][et_pb_button button_url=&#8221;https:\/\/swissplas.cz\/news\/&#8221; button_text=&#8221;Mehr erfahren&#8221; _builder_version=&#8221;4.14.6&#8243; _module_preset=&#8221;default&#8221; custom_button=&#8221;on&#8221; button_text_size=&#8221;19px&#8221; button_text_color=&#8221;rgba(18,48,73,0.76)&#8221; button_border_color=&#8221;rgba(18,48,73,0.46)&#8221; button_border_radius=&#8221;100px&#8221; button_use_icon=&#8221;off&#8221; positioning=&#8221;absolute&#8221; position_origin_a=&#8221;bottom_left&#8221; custom_margin=&#8221;||2vw|2.6vw|false|false&#8221; custom_margin_tablet=&#8221;||32px||false|false&#8221; custom_margin_phone=&#8221;||20px||false|false&#8221; custom_margin_last_edited=&#8221;on|desktop&#8221; custom_padding=&#8221;||||false|false&#8221; button_text_size_tablet=&#8221;18px&#8221; button_text_size_phone=&#8221;16px&#8221; button_text_size_last_edited=&#8221;on|desktop&#8221; global_colors_info=&#8221;{}&#8221;][\/et_pb_button][\/et_pb_column][\/et_pb_row][\/et_pb_section][et_pb_section fb_built=&#8221;1&#8243; _builder_version=&#8221;4.14.2&#8243; _module_preset=&#8221;fdba456b-3aab-4823-ac95-30ff89c7be22&#8243; global_colors_info=&#8221;{}&#8221;][\/et_pb_section]<\/p>\n","protected":false},"excerpt":{"rendered":"<p>PVD Beschichtungenswiss-PVD Coating AGHightech PVD L\u00f6sungenDie swiss-PVD Coating AG ist ein unabh\u00e4ngig gef\u00fchrtes Familienunternehmen mit Sitz in der Schweiz. Wir bieten hochwertige Beschichtungsl\u00f6sungen f\u00fcr den Verschlei\u00df-Schutz von Werkzeugen, f\u00fcr dekorative Anwendungen und f\u00fcr den Medizinal Bereich.Mit unserer Technologie verbessern wir die Leistung, sowie die Haltbarkeit und Zuverl\u00e4ssigkeit Ihrer Komponenten in allen Bereichen. Als ein ISO [&hellip;]<\/p>\n","protected":false},"author":1,"featured_media":0,"parent":0,"menu_order":0,"comment_status":"closed","ping_status":"closed","template":"","meta":{"_et_pb_use_builder":"on","_et_pb_old_content":"","_et_gb_content_width":"","footnotes":""},"class_list":["post-889","page","type-page","status-publish","hentry"],"_links":{"self":[{"href":"https:\/\/swissplas.cz\/en\/wp-json\/wp\/v2\/pages\/889","targetHints":{"allow":["GET"]}}],"collection":[{"href":"https:\/\/swissplas.cz\/en\/wp-json\/wp\/v2\/pages"}],"about":[{"href":"https:\/\/swissplas.cz\/en\/wp-json\/wp\/v2\/types\/page"}],"author":[{"embeddable":true,"href":"https:\/\/swissplas.cz\/en\/wp-json\/wp\/v2\/users\/1"}],"replies":[{"embeddable":true,"href":"https:\/\/swissplas.cz\/en\/wp-json\/wp\/v2\/comments?post=889"}],"version-history":[{"count":29,"href":"https:\/\/swissplas.cz\/en\/wp-json\/wp\/v2\/pages\/889\/revisions"}],"predecessor-version":[{"id":2458,"href":"https:\/\/swissplas.cz\/en\/wp-json\/wp\/v2\/pages\/889\/revisions\/2458"}],"wp:attachment":[{"href":"https:\/\/swissplas.cz\/en\/wp-json\/wp\/v2\/media?parent=889"}],"curies":[{"name":"wp","href":"https:\/\/api.w.org\/{rel}","templated":true}]}}