{"id":83,"date":"2021-12-15T08:35:44","date_gmt":"2021-12-15T08:35:44","guid":{"rendered":"https:\/\/swissplas.cz\/?page_id=83"},"modified":"2025-08-13T08:46:07","modified_gmt":"2025-08-13T06:46:07","slug":"impressum","status":"publish","type":"page","link":"https:\/\/swissplas.cz\/de\/impressum\/","title":{"rendered":"Impressum"},"content":{"rendered":"<p>[et_pb_section fb_built=&#8220;1&#8243; _builder_version=&#8220;4.16&#8243; _module_preset=&#8220;fdba456b-3aab-4823-ac95-30ff89c7be22&#8243; global_colors_info=&#8220;{}&#8220;][et_pb_row _builder_version=&#8220;4.16&#8243; _module_preset=&#8220;bfccc00c-ac70-482f-9713-4846d3a5dda8&#8243; global_colors_info=&#8220;{}&#8220;][et_pb_column type=&#8220;4_4&#8243; _builder_version=&#8220;4.16&#8243; _module_preset=&#8220;default&#8220; global_colors_info=&#8220;{}&#8220;][et_pb_text _builder_version=&#8220;4.16&#8243; _module_preset=&#8220;9171a5ab-4b16-49db-a0f8-6428bbd4c5d3&#8243; global_colors_info=&#8220;{}&#8220;]<\/p>\n<h2>Impressum<\/h2>\n<p>[\/et_pb_text][\/et_pb_column][\/et_pb_row][et_pb_row column_structure=&#8220;1_3,1_3,1_3&#8243; _builder_version=&#8220;4.16&#8243; _module_preset=&#8220;bfccc00c-ac70-482f-9713-4846d3a5dda8&#8243; global_colors_info=&#8220;{}&#8220;][et_pb_column type=&#8220;1_3&#8243; _builder_version=&#8220;4.16&#8243; _module_preset=&#8220;default&#8220; global_colors_info=&#8220;{}&#8220;][et_pb_text _builder_version=&#8220;4.22.2&#8243; _module_preset=&#8220;9171a5ab-4b16-49db-a0f8-6428bbd4c5d3&#8243; hover_enabled=&#8220;0&#8243; global_colors_info=&#8220;{}&#8220; sticky_enabled=&#8220;0&#8243;]<\/p>\n<p><strong>Copyright 2025<\/strong><\/p>\n<p><strong>Swiss-Plas s.r.o<\/strong><br \/>Pivovarsk\u00e1 30<br \/>CZ &#8211; 75661  Ro\u017enov pod Radho\u0161t\u011bm<br \/>+420 608 780 028 <br \/><span style=\"color: #123049;\"><a href=\"mailto:info@swiss-plas.cz\" style=\"color: #123049;\">info@swiss-plas.cz<\/a><\/span><br \/>www.swissplas.cz<\/p>\n<p>[\/et_pb_text][\/et_pb_column][et_pb_column type=&#8220;1_3&#8243; _builder_version=&#8220;4.16&#8243; _module_preset=&#8220;default&#8220; global_colors_info=&#8220;{}&#8220;][et_pb_text _builder_version=&#8220;4.16&#8243; _module_preset=&#8220;9171a5ab-4b16-49db-a0f8-6428bbd4c5d3&#8243; global_colors_info=&#8220;{}&#8220;]<\/p>\n<p><strong>Konzept und Webdesign<\/strong><\/p>\n<p><strong>Brotbeck Corporate Design AG<\/strong><br \/>Sch\u00f6neggstrasse 14<br \/>2503 Biel\/Bienne<br \/>Telefon 032 345 14 81<br \/><span style=\"color: #123049;\"><a href=\"mailto:welcome@brotbeck.ch\" style=\"color: #123049;\">welcome@brotbeck.ch<\/a><\/span><br \/><span style=\"color: #123049;\"><a href=\"http:\/\/www.brotbeck.ch\" style=\"color: #123049;\" target=\"_blank\" rel=\"noopener\">www.brotbeck.ch<\/a><\/span><\/p>\n<p>[\/et_pb_text][\/et_pb_column][et_pb_column type=&#8220;1_3&#8243; _builder_version=&#8220;4.16&#8243; _module_preset=&#8220;default&#8220; global_colors_info=&#8220;{}&#8220;][et_pb_text _builder_version=&#8220;4.16&#8243; _module_preset=&#8220;9171a5ab-4b16-49db-a0f8-6428bbd4c5d3&#8243; global_colors_info=&#8220;{}&#8220;]<\/p>\n<p><strong>Fotografie<\/strong><\/p>\n<p><strong>Stefan Weber<\/strong><br \/>Hungerberg 9<br \/>2565 Jens<br \/>Telefon 032 333 17 57<br \/><span style=\"color: #123049;\"><a href=\"mailto:info@swebfoto.ch\" style=\"color: #123049;\">info@swebfoto.ch<\/a><\/span><br \/><span style=\"color: #123049;\"><a href=\"http:\/\/www.swebfoto.ch\" target=\"_blank\" rel=\"noopener\" style=\"color: #123049;\">www.swebfoto.ch<\/a><\/span><\/p>\n<p>[\/et_pb_text][\/et_pb_column][\/et_pb_row][\/et_pb_section][et_pb_section fb_built=&#8220;1&#8243; _builder_version=&#8220;4.16&#8243; _module_preset=&#8220;fdba456b-3aab-4823-ac95-30ff89c7be22&#8243; global_colors_info=&#8220;{}&#8220;][\/et_pb_section]<\/p>\n","protected":false},"excerpt":{"rendered":"<p>ImpressumCopyright 2025 Swiss-Plas s.r.oPivovarsk\u00e1 30CZ &#8211; 75661 Ro\u017enov pod Radho\u0161t\u011bm+420 608 780 028 info@swiss-plas.czwww.swissplas.czKonzept und Webdesign Brotbeck Corporate Design AGSch\u00f6neggstrasse 142503 Biel\/BienneTelefon 032 345 14 81welcome@brotbeck.chwww.brotbeck.chFotografie Stefan WeberHungerberg 92565 JensTelefon 032 333 17 57info@swebfoto.chwww.swebfoto.ch<\/p>\n","protected":false},"author":1,"featured_media":0,"parent":0,"menu_order":0,"comment_status":"closed","ping_status":"closed","template":"","meta":{"_et_pb_use_builder":"on","_et_pb_old_content":"","_et_gb_content_width":"","footnotes":""},"class_list":["post-83","page","type-page","status-publish","hentry"],"_links":{"self":[{"href":"https:\/\/swissplas.cz\/de\/wp-json\/wp\/v2\/pages\/83","targetHints":{"allow":["GET"]}}],"collection":[{"href":"https:\/\/swissplas.cz\/de\/wp-json\/wp\/v2\/pages"}],"about":[{"href":"https:\/\/swissplas.cz\/de\/wp-json\/wp\/v2\/types\/page"}],"author":[{"embeddable":true,"href":"https:\/\/swissplas.cz\/de\/wp-json\/wp\/v2\/users\/1"}],"replies":[{"embeddable":true,"href":"https:\/\/swissplas.cz\/de\/wp-json\/wp\/v2\/comments?post=83"}],"version-history":[{"count":13,"href":"https:\/\/swissplas.cz\/de\/wp-json\/wp\/v2\/pages\/83\/revisions"}],"predecessor-version":[{"id":6342,"href":"https:\/\/swissplas.cz\/de\/wp-json\/wp\/v2\/pages\/83\/revisions\/6342"}],"wp:attachment":[{"href":"https:\/\/swissplas.cz\/de\/wp-json\/wp\/v2\/media?parent=83"}],"curies":[{"name":"wp","href":"https:\/\/api.w.org\/{rel}","templated":true}]}}