{"id":38,"date":"2021-12-15T08:14:34","date_gmt":"2021-12-15T08:14:34","guid":{"rendered":"https:\/\/swissplas.cz\/?page_id=38"},"modified":"2026-02-19T13:14:18","modified_gmt":"2026-02-19T12:14:18","slug":"partner","status":"publish","type":"page","link":"https:\/\/swissplas.cz\/de\/partner\/","title":{"rendered":"Unsere Partner"},"content":{"rendered":"<p>[et_pb_section fb_built=&#8220;1&#8243; _builder_version=&#8220;4.16&#8243; _module_preset=&#8220;fdba456b-3aab-4823-ac95-30ff89c7be22&#8243; global_colors_info=&#8220;{}&#8220;][et_pb_row _builder_version=&#8220;4.16&#8243; _module_preset=&#8220;bfccc00c-ac70-482f-9713-4846d3a5dda8&#8243; global_colors_info=&#8220;{}&#8220;][et_pb_column type=&#8220;4_4&#8243; _builder_version=&#8220;4.16&#8243; _module_preset=&#8220;default&#8220; global_colors_info=&#8220;{}&#8220;][et_pb_text _builder_version=&#8220;4.22.2&#8243; _module_preset=&#8220;9171a5ab-4b16-49db-a0f8-6428bbd4c5d3&#8243; custom_margin=&#8220;||-5px||false|false&#8220; custom_margin_tablet=&#8220;||-8px||false|false&#8220; custom_margin_phone=&#8220;||-8px||false|false&#8220; custom_margin_last_edited=&#8220;on|desktop&#8220; inline_fonts=&#8220;Biennale Regular,Biennale Light&#8220; global_colors_info=&#8220;{}&#8220;]<\/p>\n<h2>new-arc AG<\/h2>\n<p>[\/et_pb_text][et_pb_text _builder_version=&#8220;4.16&#8243; _module_preset=&#8220;9171a5ab-4b16-49db-a0f8-6428bbd4c5d3&#8243; header_2_font=&#8220;Biennale Light||||||||&#8220; inline_fonts=&#8220;Biennale Regular,Biennale Light&#8220; global_colors_info=&#8220;{}&#8220;]<\/p>\n<h2>Vacuum &amp; Coating Technology<\/h2>\n<p>[\/et_pb_text][\/et_pb_column][\/et_pb_row][et_pb_row column_structure=&#8220;1_2,1_2&#8243; _builder_version=&#8220;4.16&#8243; _module_preset=&#8220;bfccc00c-ac70-482f-9713-4846d3a5dda8&#8243; global_colors_info=&#8220;{}&#8220;][et_pb_column type=&#8220;1_2&#8243; _builder_version=&#8220;4.16&#8243; _module_preset=&#8220;default&#8220; global_colors_info=&#8220;{}&#8220;][et_pb_image src=&#8220;https:\/\/swissplas.cz\/wp-content\/uploads\/2022\/01\/Partner_Logo_A.jpg&#8220; _builder_version=&#8220;4.16&#8243; _module_preset=&#8220;default&#8220; global_colors_info=&#8220;{}&#8220;][\/et_pb_image][et_pb_text _builder_version=&#8220;4.16&#8243; _module_preset=&#8220;default&#8220; global_colors_info=&#8220;{}&#8220;]<\/p>\n<p>Unser Partner new-arc SA ist verantwortlich f\u00fcr die Entwicklung neuer Beschichtungsanlagen und Beschichtungskonzepte. Der Gr\u00fcnder, Dr. Hermann Curtins Ph.D., ist eine renommierte Pers\u00f6nlichkeit in der PVD-Oberfl\u00e4chentechnik und hat viele seiner Innovationen erfolgreich umgesetzt und patentiert. Seine Visionen und Ideen fliessen laufend in die Optimierung unserer Maschinen und Beschichtungen ein.<\/p>\n<p>[\/et_pb_text][et_pb_button button_url=&#8220;https:\/\/www.new-arc.ch\/&#8220; button_text=&#8220;Homepage&#8220; _builder_version=&#8220;4.16&#8243; _module_preset=&#8220;default&#8220; custom_button=&#8220;on&#8220; button_text_size=&#8220;19px&#8220; button_text_color=&#8220;#FFFFFF&#8220; button_bg_color=&#8220;#0B6FB5&#8243; button_border_color=&#8220;RGBA(255,255,255,0)&#8220; button_border_radius=&#8220;100px&#8220; button_letter_spacing=&#8220;1px&#8220; button_font=&#8220;Biennale Medium||||||||&#8220; button_use_icon=&#8220;off&#8220; button_text_size_tablet=&#8220;18px&#8220; button_text_size_phone=&#8220;16px&#8220; button_text_size_last_edited=&#8220;on|desktop&#8220; global_colors_info=&#8220;{}&#8220; button_bg_color__hover_enabled=&#8220;on|hover&#8220; button_bg_color__hover=&#8220;#123049&#8243; button_bg_enable_color__hover=&#8220;on&#8220;][\/et_pb_button][\/et_pb_column][et_pb_column type=&#8220;1_2&#8243; _builder_version=&#8220;4.16&#8243; _module_preset=&#8220;default&#8220; global_colors_info=&#8220;{}&#8220;][et_pb_image src=&#8220;https:\/\/swissplas.cz\/wp-content\/uploads\/2022\/02\/swiss_PVD_Coating_Partner_2.jpg&#8220; _builder_version=&#8220;4.16&#8243; _module_preset=&#8220;default&#8220; global_colors_info=&#8220;{}&#8220;][\/et_pb_image][\/et_pb_column][\/et_pb_row][\/et_pb_section][et_pb_section fb_built=&#8220;1&#8243; _builder_version=&#8220;4.16&#8243; _module_preset=&#8220;fdba456b-3aab-4823-ac95-30ff89c7be22&#8243; global_colors_info=&#8220;{}&#8220;][et_pb_row _builder_version=&#8220;4.16&#8243; _module_preset=&#8220;bfccc00c-ac70-482f-9713-4846d3a5dda8&#8243; global_colors_info=&#8220;{}&#8220;][et_pb_column type=&#8220;4_4&#8243; _builder_version=&#8220;4.16&#8243; _module_preset=&#8220;default&#8220; global_colors_info=&#8220;{}&#8220;][et_pb_text _builder_version=&#8220;4.16&#8243; _module_preset=&#8220;9171a5ab-4b16-49db-a0f8-6428bbd4c5d3&#8243; custom_margin=&#8220;||-5px||false|false&#8220; custom_margin_tablet=&#8220;||-8px||false|false&#8220; custom_margin_phone=&#8220;||-8px||false|false&#8220; custom_margin_last_edited=&#8220;on|desktop&#8220; inline_fonts=&#8220;Biennale Regular,Biennale Light&#8220; global_colors_info=&#8220;{}&#8220;]<\/p>\n<h2>swiss-PVD SA<\/h2>\n<p>[\/et_pb_text][et_pb_text _builder_version=&#8220;4.16&#8243; _module_preset=&#8220;9171a5ab-4b16-49db-a0f8-6428bbd4c5d3&#8243; header_2_font=&#8220;Biennale Light||||||||&#8220; inline_fonts=&#8220;Biennale Regular,Biennale Light&#8220; global_colors_info=&#8220;{}&#8220;]<\/p>\n<h2>Vacuum &#8211; Systems &#8211; Processes<\/h2>\n<p>[\/et_pb_text][\/et_pb_column][\/et_pb_row][et_pb_row column_structure=&#8220;1_2,1_2&#8243; _builder_version=&#8220;4.16&#8243; _module_preset=&#8220;bfccc00c-ac70-482f-9713-4846d3a5dda8&#8243; global_colors_info=&#8220;{}&#8220;][et_pb_column type=&#8220;1_2&#8243; _builder_version=&#8220;4.16&#8243; _module_preset=&#8220;default&#8220; global_colors_info=&#8220;{}&#8220;][et_pb_image src=&#8220;https:\/\/swissplas.cz\/wp-content\/uploads\/2022\/01\/Partner_Logo_B.jpg&#8220; _builder_version=&#8220;4.16&#8243; _module_preset=&#8220;default&#8220; global_colors_info=&#8220;{}&#8220;][\/et_pb_image][et_pb_text _builder_version=&#8220;4.16&#8243; _module_preset=&#8220;default&#8220; global_colors_info=&#8220;{}&#8220;]<\/p>\n<p>Die swiss-PVD SA mit Sitz in Le Locle (Schweiz) ist f\u00fcr die Konstruktion, Entwicklung und den Bau von PVD-Anlagen verantwortlich. Das Team der swiss-PVD SA verf\u00fcgt \u00fcber eine grosse und breite Erfahrung im Bereich des Maschinenbaus und der PVD-Systeme von Lichtbogen-, Sputter- und Verdampfungsmaschinen.<\/p>\n<p>[\/et_pb_text][et_pb_button button_url=&#8220;https:\/\/www.swiss-pvd.ch\/cms\/en\/home&#8220; button_text=&#8220;Homepage&#8220; _builder_version=&#8220;4.16&#8243; _module_preset=&#8220;default&#8220; custom_button=&#8220;on&#8220; button_text_size=&#8220;19px&#8220; button_text_color=&#8220;#FFFFFF&#8220; button_bg_color=&#8220;#0B6FB5&#8243; button_border_color=&#8220;RGBA(255,255,255,0)&#8220; button_border_radius=&#8220;100px&#8220; button_letter_spacing=&#8220;1px&#8220; button_font=&#8220;Biennale Medium||||||||&#8220; button_use_icon=&#8220;off&#8220; button_text_size_tablet=&#8220;18px&#8220; button_text_size_phone=&#8220;16px&#8220; button_text_size_last_edited=&#8220;on|desktop&#8220; global_colors_info=&#8220;{}&#8220; button_bg_color__hover_enabled=&#8220;on|hover&#8220; button_bg_color__hover=&#8220;#123049&#8243; button_bg_enable_color__hover=&#8220;on&#8220;][\/et_pb_button][\/et_pb_column][et_pb_column type=&#8220;1_2&#8243; _builder_version=&#8220;4.16&#8243; _module_preset=&#8220;default&#8220; global_colors_info=&#8220;{}&#8220;][et_pb_image src=&#8220;https:\/\/swissplas.cz\/wp-content\/uploads\/2022\/02\/swiss_PVD_Coating_Partner_1.jpg&#8220; _builder_version=&#8220;4.16&#8243; _module_preset=&#8220;default&#8220; global_colors_info=&#8220;{}&#8220;][\/et_pb_image][\/et_pb_column][\/et_pb_row][\/et_pb_section][et_pb_section fb_built=&#8220;1&#8243; _builder_version=&#8220;4.16&#8243; _module_preset=&#8220;fdba456b-3aab-4823-ac95-30ff89c7be22&#8243; global_colors_info=&#8220;{}&#8220;][et_pb_row _builder_version=&#8220;4.16&#8243; _module_preset=&#8220;bfccc00c-ac70-482f-9713-4846d3a5dda8&#8243; global_colors_info=&#8220;{}&#8220;][et_pb_column type=&#8220;4_4&#8243; _builder_version=&#8220;4.16&#8243; _module_preset=&#8220;default&#8220; global_colors_info=&#8220;{}&#8220;][et_pb_text _builder_version=&#8220;4.22.2&#8243; _module_preset=&#8220;9171a5ab-4b16-49db-a0f8-6428bbd4c5d3&#8243; custom_margin=&#8220;||-5px||false|false&#8220; custom_margin_tablet=&#8220;||-8px||false|false&#8220; custom_margin_phone=&#8220;||-8px||false|false&#8220; custom_margin_last_edited=&#8220;on|desktop&#8220; inline_fonts=&#8220;Biennale Regular,Biennale Light&#8220; global_colors_info=&#8220;{}&#8220;]<\/p>\n<h2>swiss-PVD Coating AG<\/h2>\n<p>[\/et_pb_text][et_pb_text _builder_version=&#8220;4.22.2&#8243; _module_preset=&#8220;9171a5ab-4b16-49db-a0f8-6428bbd4c5d3&#8243; header_2_font=&#8220;Biennale Light||||||||&#8220; inline_fonts=&#8220;Biennale Regular,Biennale Light&#8220; global_colors_info=&#8220;{}&#8220;]<\/p>\n<h2>PVD Beschichtung<\/h2>\n<p>[\/et_pb_text][\/et_pb_column][\/et_pb_row][et_pb_row column_structure=&#8220;1_2,1_2&#8243; _builder_version=&#8220;4.16&#8243; _module_preset=&#8220;bfccc00c-ac70-482f-9713-4846d3a5dda8&#8243; global_colors_info=&#8220;{}&#8220;][et_pb_column type=&#8220;1_2&#8243; _builder_version=&#8220;4.16&#8243; _module_preset=&#8220;default&#8220; global_colors_info=&#8220;{}&#8220;][et_pb_image src=&#8220;https:\/\/swissplas.cz\/wp-content\/uploads\/2022\/05\/swiss_PVD_Coating_Slide_Home_Firma.jpg&#8220; _builder_version=&#8220;4.22.2&#8243; _module_preset=&#8220;default&#8220; hover_enabled=&#8220;0&#8243; global_colors_info=&#8220;{}&#8220; sticky_enabled=&#8220;0&#8243;][\/et_pb_image][\/et_pb_column][et_pb_column type=&#8220;1_2&#8243; _builder_version=&#8220;4.16&#8243; _module_preset=&#8220;default&#8220; global_colors_info=&#8220;{}&#8220;][et_pb_image src=&#8220;https:\/\/swissplas.cz\/wp-content\/uploads\/2021\/12\/swiss-PVD_Coating_Logo-e1733059696622.png&#8220; title_text=&#8220;swiss-PVD_Coating_Logo&#8220; _builder_version=&#8220;4.22.2&#8243; _module_preset=&#8220;default&#8220; global_colors_info=&#8220;{}&#8220;][\/et_pb_image][et_pb_text _builder_version=&#8220;4.22.2&#8243; _module_preset=&#8220;default&#8220; global_colors_info=&#8220;{}&#8220;]<\/p>\n<p>Swiss-PVD Coating AG ist ein unabh\u00e4ngig gef\u00fchrtes Familienunternehmen mit Sitz in der Schweiz und mit \u00fcber 30 Jahren Erfahrung im Bereich PVD. Swiss-PVD Coating AG ist ein ISO 9001:2015 &#038; 13485:2016 zertifiziertes Unternehmen und hat sich auf den Verschleissschutz von Werkzeugen f\u00fcr funktionelle und dekorative Anwendungen sowie auf L\u00f6sungen f\u00fcr den medizinischen Bereich spezialisiert.<\/p>\n<p>[\/et_pb_text][et_pb_button button_url=&#8220;https:\/\/www.swiss-pvd.ch&#8220; button_text=&#8220;Homepage&#8220; _builder_version=&#8220;4.22.2&#8243; _module_preset=&#8220;default&#8220; custom_button=&#8220;on&#8220; button_text_size=&#8220;19px&#8220; button_text_color=&#8220;#FFFFFF&#8220; button_bg_color=&#8220;#0B6FB5&#8243; button_border_color=&#8220;RGBA(255,255,255,0)&#8220; button_border_radius=&#8220;100px&#8220; button_letter_spacing=&#8220;1px&#8220; button_font=&#8220;Biennale Medium||||||||&#8220; button_use_icon=&#8220;off&#8220; button_text_size_tablet=&#8220;18px&#8220; button_text_size_phone=&#8220;16px&#8220; button_text_size_last_edited=&#8220;on|desktop&#8220; global_colors_info=&#8220;{}&#8220; button_bg_color__hover_enabled=&#8220;on|hover&#8220; button_bg_color__hover=&#8220;#123049&#8243; button_bg_enable_color__hover=&#8220;on&#8220;][\/et_pb_button][\/et_pb_column][\/et_pb_row][\/et_pb_section][et_pb_section fb_built=&#8220;1&#8243; _builder_version=&#8220;4.16&#8243; _module_preset=&#8220;fdba456b-3aab-4823-ac95-30ff89c7be22&#8243; global_colors_info=&#8220;{}&#8220;][\/et_pb_section]<\/p>\n","protected":false},"excerpt":{"rendered":"<p>new-arc AGVacuum &amp; Coating TechnologyUnser Partner new-arc SA ist verantwortlich f\u00fcr die Entwicklung neuer Beschichtungsanlagen und Beschichtungskonzepte. Der Gr\u00fcnder, Dr. Hermann Curtins Ph.D., ist eine renommierte Pers\u00f6nlichkeit in der PVD-Oberfl\u00e4chentechnik und hat viele seiner Innovationen erfolgreich umgesetzt und patentiert. Seine Visionen und Ideen fliessen laufend in die Optimierung unserer Maschinen und Beschichtungen ein.swiss-PVD SAVacuum &#8211; [&hellip;]<\/p>\n","protected":false},"author":1,"featured_media":0,"parent":0,"menu_order":0,"comment_status":"closed","ping_status":"closed","template":"","meta":{"_et_pb_use_builder":"on","_et_pb_old_content":"","_et_gb_content_width":"","footnotes":""},"class_list":["post-38","page","type-page","status-publish","hentry"],"_links":{"self":[{"href":"https:\/\/swissplas.cz\/de\/wp-json\/wp\/v2\/pages\/38","targetHints":{"allow":["GET"]}}],"collection":[{"href":"https:\/\/swissplas.cz\/de\/wp-json\/wp\/v2\/pages"}],"about":[{"href":"https:\/\/swissplas.cz\/de\/wp-json\/wp\/v2\/types\/page"}],"author":[{"embeddable":true,"href":"https:\/\/swissplas.cz\/de\/wp-json\/wp\/v2\/users\/1"}],"replies":[{"embeddable":true,"href":"https:\/\/swissplas.cz\/de\/wp-json\/wp\/v2\/comments?post=38"}],"version-history":[{"count":24,"href":"https:\/\/swissplas.cz\/de\/wp-json\/wp\/v2\/pages\/38\/revisions"}],"predecessor-version":[{"id":6366,"href":"https:\/\/swissplas.cz\/de\/wp-json\/wp\/v2\/pages\/38\/revisions\/6366"}],"wp:attachment":[{"href":"https:\/\/swissplas.cz\/de\/wp-json\/wp\/v2\/media?parent=38"}],"curies":[{"name":"wp","href":"https:\/\/api.w.org\/{rel}","templated":true}]}}