{"id":32,"date":"2021-12-15T08:12:13","date_gmt":"2021-12-15T08:12:13","guid":{"rendered":"https:\/\/swissplas.cz\/?page_id=32"},"modified":"2022-05-07T06:59:49","modified_gmt":"2022-05-07T06:59:49","slug":"technologie","status":"publish","type":"page","link":"https:\/\/swissplas.cz\/de\/technologie\/","title":{"rendered":"Technologie"},"content":{"rendered":"<p>[et_pb_section fb_built=&#8220;1&#8243; _builder_version=&#8220;4.16&#8243; _module_preset=&#8220;fdba456b-3aab-4823-ac95-30ff89c7be22&#8243; custom_padding=&#8220;||||false|false&#8220; global_colors_info=&#8220;{}&#8220;][et_pb_row _builder_version=&#8220;4.16&#8243; _module_preset=&#8220;bfccc00c-ac70-482f-9713-4846d3a5dda8&#8243; global_colors_info=&#8220;{}&#8220;][et_pb_column type=&#8220;4_4&#8243; _builder_version=&#8220;4.16&#8243; _module_preset=&#8220;default&#8220; global_colors_info=&#8220;{}&#8220;][et_pb_text _builder_version=&#8220;4.16&#8243; _module_preset=&#8220;9171a5ab-4b16-49db-a0f8-6428bbd4c5d3&#8243; custom_margin=&#8220;||-5px||false|false&#8220; custom_margin_tablet=&#8220;||-8px||false|false&#8220; custom_margin_phone=&#8220;||-8px||false|false&#8220; custom_margin_last_edited=&#8220;on|desktop&#8220; inline_fonts=&#8220;Biennale Regular,Biennale Light&#8220; global_colors_info=&#8220;{}&#8220;]<\/p>\n<h2>Technologie<\/h2>\n<p>[\/et_pb_text][\/et_pb_column][\/et_pb_row][et_pb_row custom_padding_last_edited=&#8220;on|desktop&#8220; _builder_version=&#8220;4.16&#8243; _module_preset=&#8220;bfccc00c-ac70-482f-9713-4846d3a5dda8&#8243; custom_margin=&#8220;||||false|false&#8220; custom_padding=&#8220;|9vw|||false|false&#8220; custom_padding_tablet=&#8220;15px|0px|15px||false|false&#8220; custom_padding_phone=&#8220;10px|0px|10px||false|false&#8220; global_colors_info=&#8220;{}&#8220;][et_pb_column type=&#8220;4_4&#8243; _builder_version=&#8220;4.16&#8243; _module_preset=&#8220;default&#8220; global_colors_info=&#8220;{}&#8220;][et_pb_text _builder_version=&#8220;4.16&#8243; _module_preset=&#8220;fb63da07-1cd9-4da5-9698-5a35610b84a7&#8243; global_colors_info=&#8220;{}&#8220;]<\/p>\n<p>Unsere neueste Generation von PVD Beschichtungsanlagen bietet flexible sowie h\u00f6chst kosteneffiziente L\u00f6sungen f\u00fcr unsere Kunden. Die EXON-700 und EXON-1500 basieren auf unserer Square Target Arc Technologie, um eine maximale Ausnutzung des Rohmaterials bei erh\u00f6hter Produktivit\u00e4t und gleichzeitiger Minimierung der Ausfallzeiten zu erreichen.<\/p>\n<p>[\/et_pb_text][\/et_pb_column][\/et_pb_row][et_pb_row _builder_version=&#8220;4.16&#8243; _module_preset=&#8220;bfccc00c-ac70-482f-9713-4846d3a5dda8&#8243; custom_padding=&#8220;||0px||false|false&#8220; custom_padding_tablet=&#8220;15px||10px||false|false&#8220; global_colors_info=&#8220;{}&#8220;][et_pb_column type=&#8220;4_4&#8243; _builder_version=&#8220;4.16&#8243; _module_preset=&#8220;default&#8220; global_colors_info=&#8220;{}&#8220;][et_pb_text _builder_version=&#8220;4.16&#8243; _module_preset=&#8220;default&#8220; header_2_font=&#8220;Biennale Semibold||||||||&#8220; header_2_letter_spacing=&#8220;5px&#8220; custom_margin=&#8220;||20px||false|false&#8220; custom_margin_tablet=&#8220;||0px||false|false&#8220; custom_margin_phone=&#8220;||0px||false|false&#8220; custom_margin_last_edited=&#8220;on|desktop&#8220; custom_padding_tablet=&#8220;&#8220; custom_padding_phone=&#8220;&#8220; custom_padding_last_edited=&#8220;on|desktop&#8220; header_2_letter_spacing_tablet=&#8220;3px&#8220; header_2_letter_spacing_phone=&#8220;2px&#8220; header_2_letter_spacing_last_edited=&#8220;on|desktop&#8220; global_colors_info=&#8220;{}&#8220;]<\/p>\n<h2>EXON &#8211; 700<\/h2>\n<p>[\/et_pb_text][et_pb_image src=&#8220;https:\/\/swissplas.cz\/wp-content\/uploads\/2022\/02\/swiss_PVD_Coating_EXON_700.jpg&#8220; _builder_version=&#8220;4.16&#8243; _module_preset=&#8220;default&#8220; global_colors_info=&#8220;{}&#8220;][\/et_pb_image][\/et_pb_column][\/et_pb_row][et_pb_row column_structure=&#8220;1_2,1_2&#8243; _builder_version=&#8220;4.16&#8243; _module_preset=&#8220;bfccc00c-ac70-482f-9713-4846d3a5dda8&#8243; global_colors_info=&#8220;{}&#8220;][et_pb_column type=&#8220;1_2&#8243; _builder_version=&#8220;4.16&#8243; _module_preset=&#8220;default&#8220; global_colors_info=&#8220;{}&#8220;][et_pb_text _builder_version=&#8220;4.16&#8243; _module_preset=&#8220;default&#8220; custom_margin=&#8220;||10px||false|false&#8220; custom_margin_tablet=&#8220;||8px||false|false&#8220; custom_margin_phone=&#8220;||6px||false|false&#8220; custom_margin_last_edited=&#8220;on|phone&#8220; custom_padding_tablet=&#8220;&#8220; custom_padding_phone=&#8220;&#8220; custom_padding_last_edited=&#8220;on|desktop&#8220; global_colors_info=&#8220;{}&#8220;]<\/p>\n<h3>EXON &#8211; 700<\/h3>\n<p>[\/et_pb_text][et_pb_text _builder_version=&#8220;4.16&#8243; _module_preset=&#8220;default&#8220; global_colors_info=&#8220;{}&#8220;]<\/p>\n<p>Die EXON-700 ist eine Lichtbogenbeschichtungsanlage, die speziell f\u00fcr die Abscheidung von metallurgischen Hochleistungsschichten in einem Temperaturbereich von 150\u00b0C bis 500\u00b0C entwickelt wurde. Nebst dem kleineren Volumen verglichen mit der EXON-1500 bietet die EXON-700 aber die M\u00f6glichkeit noch h\u00f6here Str\u00f6me zu fahren und somit die Wirtschaftlichkeit zu erh\u00f6hen.<\/p>\n<p>[\/et_pb_text][\/et_pb_column][et_pb_column type=&#8220;1_2&#8243; _builder_version=&#8220;4.16&#8243; _module_preset=&#8220;default&#8220; global_colors_info=&#8220;{}&#8220;][et_pb_text _builder_version=&#8220;4.16&#8243; _module_preset=&#8220;default&#8220; custom_margin_tablet=&#8220;&#8220; custom_margin_phone=&#8220;&#8220; custom_margin_last_edited=&#8220;on|desktop&#8220; custom_padding=&#8220;18px||18px||true|false&#8220; custom_padding_tablet=&#8220;18px||18px||true|false&#8220; custom_padding_phone=&#8220;18px||18px||true|false&#8220; custom_padding_last_edited=&#8220;on|desktop&#8220; border_width_top=&#8220;2px&#8220; border_color_top=&#8220;rgba(18,48,73,0.39)&#8220; border_width_bottom=&#8220;2px&#8220; border_color_bottom=&#8220;rgba(18,48,73,0.39)&#8220; global_colors_info=&#8220;{}&#8220;]<\/p>\n<table>\n<tbody>\n<tr>\n<td>Volumen:<\/td>\n<td>700l<\/td>\n<\/tr>\n<tr>\n<td>Beschichtungsvolumen:<\/td>\n<td>\u00f8520&#215;720 mm<\/td>\n<\/tr>\n<tr>\n<td>Technologie:<\/td>\n<td>HDP ARC<\/td>\n<\/tr>\n<tr>\n<td>Plasmadichte:<\/td>\n<td>up to 800A (1200A in R&amp;D)<\/td>\n<\/tr>\n<\/tbody>\n<\/table>\n<p>Verdampfen von bis zu 3 verschiedenen Materialen pro Charge (Prozess)<\/p>\n<p>[\/et_pb_text][\/et_pb_column][\/et_pb_row][et_pb_row _builder_version=&#8220;4.16&#8243; _module_preset=&#8220;bfccc00c-ac70-482f-9713-4846d3a5dda8&#8243; custom_padding=&#8220;||0px||false|false&#8220; custom_padding_tablet=&#8220;15px||10px||false|false&#8220; global_colors_info=&#8220;{}&#8220;][et_pb_column type=&#8220;4_4&#8243; _builder_version=&#8220;4.16&#8243; _module_preset=&#8220;default&#8220; global_colors_info=&#8220;{}&#8220;][et_pb_text _builder_version=&#8220;4.16&#8243; _module_preset=&#8220;default&#8220; header_2_font=&#8220;Biennale Semibold||||||||&#8220; header_2_letter_spacing=&#8220;5px&#8220; custom_margin=&#8220;||20px||false|false&#8220; custom_margin_tablet=&#8220;||0px||false|false&#8220; custom_margin_phone=&#8220;||0px||false|false&#8220; custom_margin_last_edited=&#8220;on|desktop&#8220; custom_padding_tablet=&#8220;&#8220; custom_padding_phone=&#8220;&#8220; custom_padding_last_edited=&#8220;on|desktop&#8220; header_2_letter_spacing_tablet=&#8220;3px&#8220; header_2_letter_spacing_phone=&#8220;2px&#8220; header_2_letter_spacing_last_edited=&#8220;on|desktop&#8220; global_colors_info=&#8220;{}&#8220;]<\/p>\n<h2>EXON &#8211; 1500<\/h2>\n<p>[\/et_pb_text][et_pb_image src=&#8220;https:\/\/swissplas.cz\/wp-content\/uploads\/2022\/02\/swiss_PVD_Coating_EXON_1500.jpg&#8220; _builder_version=&#8220;4.16&#8243; _module_preset=&#8220;default&#8220; global_colors_info=&#8220;{}&#8220;][\/et_pb_image][\/et_pb_column][\/et_pb_row][et_pb_row column_structure=&#8220;1_2,1_2&#8243; _builder_version=&#8220;4.16&#8243; _module_preset=&#8220;bfccc00c-ac70-482f-9713-4846d3a5dda8&#8243; global_colors_info=&#8220;{}&#8220;][et_pb_column type=&#8220;1_2&#8243; _builder_version=&#8220;4.16&#8243; _module_preset=&#8220;default&#8220; global_colors_info=&#8220;{}&#8220;][et_pb_text _builder_version=&#8220;4.16&#8243; _module_preset=&#8220;default&#8220; custom_margin=&#8220;||10px||false|false&#8220; custom_margin_tablet=&#8220;||8px||false|false&#8220; custom_margin_phone=&#8220;||6px||false|false&#8220; custom_margin_last_edited=&#8220;on|phone&#8220; custom_padding_tablet=&#8220;&#8220; custom_padding_phone=&#8220;&#8220; custom_padding_last_edited=&#8220;on|desktop&#8220; global_colors_info=&#8220;{}&#8220;]<\/p>\n<h3>EXON &#8211; 1500<\/h3>\n<p>[\/et_pb_text][et_pb_text _builder_version=&#8220;4.16&#8243; _module_preset=&#8220;default&#8220; global_colors_info=&#8220;{}&#8220;]<\/p>\n<p>Die EXON-1500 ist eine Lichtbogenbeschichtungsanlage, die speziell f\u00fcr die Abscheidung von metallurgischen Hochleistungsschichten in einem Temperaturbereich von 150\u00b0C bis 500\u00b0C entwickelt wurde.<\/p>\n<p>[\/et_pb_text][\/et_pb_column][et_pb_column type=&#8220;1_2&#8243; _builder_version=&#8220;4.16&#8243; _module_preset=&#8220;default&#8220; global_colors_info=&#8220;{}&#8220;][et_pb_text module_class=&#8220;tabulator&#8220; _builder_version=&#8220;4.16&#8243; _module_preset=&#8220;default&#8220; custom_margin_tablet=&#8220;&#8220; custom_margin_phone=&#8220;&#8220; custom_margin_last_edited=&#8220;on|desktop&#8220; custom_padding=&#8220;18px||18px||true|false&#8220; custom_padding_tablet=&#8220;18px||18px||true|false&#8220; custom_padding_phone=&#8220;18px||18px||true|false&#8220; custom_padding_last_edited=&#8220;on|desktop&#8220; border_width_top=&#8220;2px&#8220; border_color_top=&#8220;rgba(18,48,73,0.39)&#8220; border_width_bottom=&#8220;2px&#8220; border_color_bottom=&#8220;rgba(18,48,73,0.39)&#8220; global_colors_info=&#8220;{}&#8220;]<\/p>\n<table>\n<tbody>\n<tr>\n<td>Volumen:<\/td>\n<td>1500l<\/td>\n<\/tr>\n<tr>\n<td>Beschichtungsvolumen:<\/td>\n<td>\u00f8900&#215;720 mm<\/td>\n<\/tr>\n<tr>\n<td>Technologie:<\/td>\n<td>HDP ARC<\/td>\n<\/tr>\n<tr>\n<td>Plasmadichte:<\/td>\n<td>up to 400A<\/td>\n<\/tr>\n<\/tbody>\n<\/table>\n<p>Verdampfen von bis zu 6 verschiedenen Materialen pro Charge (Prozess)<\/p>\n<p>[\/et_pb_text][\/et_pb_column][\/et_pb_row][\/et_pb_section][et_pb_section fb_built=&#8220;1&#8243; _builder_version=&#8220;4.16&#8243; _module_preset=&#8220;fdba456b-3aab-4823-ac95-30ff89c7be22&#8243; global_colors_info=&#8220;{}&#8220;][\/et_pb_section]<\/p>\n","protected":false},"excerpt":{"rendered":"<p>TechnologieUnsere neueste Generation von PVD Beschichtungsanlagen bietet flexible sowie h\u00f6chst kosteneffiziente L\u00f6sungen f\u00fcr unsere Kunden. Die EXON-700 und EXON-1500 basieren auf unserer Square Target Arc Technologie, um eine maximale Ausnutzung des Rohmaterials bei erh\u00f6hter Produktivit\u00e4t und gleichzeitiger Minimierung der Ausfallzeiten zu erreichen.EXON &#8211; 700EXON &#8211; 700Die EXON-700 ist eine Lichtbogenbeschichtungsanlage, die speziell f\u00fcr die Abscheidung [&hellip;]<\/p>\n","protected":false},"author":1,"featured_media":0,"parent":0,"menu_order":0,"comment_status":"closed","ping_status":"closed","template":"","meta":{"_et_pb_use_builder":"on","_et_pb_old_content":"","_et_gb_content_width":"","footnotes":""},"class_list":["post-32","page","type-page","status-publish","hentry"],"_links":{"self":[{"href":"https:\/\/swissplas.cz\/de\/wp-json\/wp\/v2\/pages\/32","targetHints":{"allow":["GET"]}}],"collection":[{"href":"https:\/\/swissplas.cz\/de\/wp-json\/wp\/v2\/pages"}],"about":[{"href":"https:\/\/swissplas.cz\/de\/wp-json\/wp\/v2\/types\/page"}],"author":[{"embeddable":true,"href":"https:\/\/swissplas.cz\/de\/wp-json\/wp\/v2\/users\/1"}],"replies":[{"embeddable":true,"href":"https:\/\/swissplas.cz\/de\/wp-json\/wp\/v2\/comments?post=32"}],"version-history":[{"count":22,"href":"https:\/\/swissplas.cz\/de\/wp-json\/wp\/v2\/pages\/32\/revisions"}],"predecessor-version":[{"id":2665,"href":"https:\/\/swissplas.cz\/de\/wp-json\/wp\/v2\/pages\/32\/revisions\/2665"}],"wp:attachment":[{"href":"https:\/\/swissplas.cz\/de\/wp-json\/wp\/v2\/media?parent=32"}],"curies":[{"name":"wp","href":"https:\/\/api.w.org\/{rel}","templated":true}]}}