{"id":2479,"date":"2022-04-18T06:42:24","date_gmt":"2022-04-18T06:42:24","guid":{"rendered":"https:\/\/swissplas.cz\/?page_id=2479"},"modified":"2025-06-24T16:43:39","modified_gmt":"2025-06-24T14:43:39","slug":"aseite","status":"publish","type":"page","link":"https:\/\/swissplas.cz\/de\/","title":{"rendered":"Home"},"content":{"rendered":"<p>[et_pb_section fb_built=&#8220;1&#8243; admin_label=&#8220;Home Header&#8220; module_class=&#8220;home-header&#8220; _builder_version=&#8220;4.16&#8243; _module_preset=&#8220;fdba456b-3aab-4823-ac95-30ff89c7be22&#8243; background_image=&#8220;https:\/\/swissplas.cz\/wp-content\/uploads\/2022\/03\/swiss_PVD_Coating_Header_Bild_Home.jpg&#8220; min_height=&#8220;100vh&#8220; min_height_tablet=&#8220;&#8220; min_height_phone=&#8220;&#8220; min_height_last_edited=&#8220;on|phone&#8220; custom_margin_tablet=&#8220;&#8220; custom_margin_phone=&#8220;-106px||||false|false&#8220; custom_margin_last_edited=&#8220;on|phone&#8220; custom_padding=&#8220;0px||0px||false|false&#8220; global_colors_info=&#8220;{}&#8220;][et_pb_row custom_padding_last_edited=&#8220;on|desktop&#8220; _builder_version=&#8220;4.16&#8243; _module_preset=&#8220;bfccc00c-ac70-482f-9713-4846d3a5dda8&#8243; min_height=&#8220;100vh&#8220; min_height_tablet=&#8220;35vw&#8220; min_height_phone=&#8220;35vw&#8220; min_height_last_edited=&#8220;off|desktop&#8220; custom_padding=&#8220;0px||100px||false|false&#8220; custom_padding_tablet=&#8220;0px||40px||false|false&#8220; custom_padding_phone=&#8220;0px||35px||false|false&#8220; custom_css_main_element=&#8220;display: flex;||flex-direction: column;||justify-content:flex-end;&#8220; global_colors_info=&#8220;{}&#8220;][et_pb_column type=&#8220;4_4&#8243; _builder_version=&#8220;4.16&#8243; _module_preset=&#8220;default&#8220; global_colors_info=&#8220;{}&#8220;][et_pb_text _builder_version=&#8220;4.22.2&#8243; _module_preset=&#8220;default&#8220; header_text_color=&#8220;#FFFFFF&#8220; custom_margin=&#8220;||-7px||false|false&#8220; custom_margin_tablet=&#8220;||-9px||false|false&#8220; custom_margin_phone=&#8220;||-10px||false|false&#8220; custom_margin_last_edited=&#8220;on|desktop&#8220; global_colors_info=&#8220;{}&#8220;]<\/p>\n<h1>PVD Beschichtungen<\/h1>\n<p>[\/et_pb_text][et_pb_text module_class=&#8220;light&#8220; _builder_version=&#8220;4.22.2&#8243; _module_preset=&#8220;default&#8220; header_font=&#8220;Biennale Light||||||||&#8220; header_text_color=&#8220;#FFFFFF&#8220; custom_margin=&#8220;||18px||false|false&#8220; custom_margin_tablet=&#8220;||10px||false|false&#8220; custom_margin_phone=&#8220;||10px||false|false&#8220; custom_margin_last_edited=&#8220;on|desktop&#8220; global_colors_info=&#8220;{}&#8220;]<\/p>\n<h1>Swiss-Plas s.r.o<\/h1>\n<p>[\/et_pb_text][et_pb_image src=&#8220;https:\/\/swissplas.cz\/wp-content\/uploads\/2022\/01\/Header_Pfeil.svg&#8220; url=&#8220;#starttext&#8220; _builder_version=&#8220;4.22.2&#8243; _module_preset=&#8220;default&#8220; width=&#8220;70px&#8220; width_tablet=&#8220;55px&#8220; width_phone=&#8220;45px&#8220; width_last_edited=&#8220;on|desktop&#8220; global_colors_info=&#8220;{}&#8220;][\/et_pb_image][\/et_pb_column][\/et_pb_row][\/et_pb_section][et_pb_section fb_built=&#8220;1&#8243; admin_label=&#8220;Sektion&#8220; module_id=&#8220;starttext&#8220; _builder_version=&#8220;4.16&#8243; _module_preset=&#8220;fdba456b-3aab-4823-ac95-30ff89c7be22&#8243; custom_padding=&#8220;80px|||||&#8220; global_colors_info=&#8220;{}&#8220;][et_pb_row _builder_version=&#8220;4.16&#8243; _module_preset=&#8220;bfccc00c-ac70-482f-9713-4846d3a5dda8&#8243; global_colors_info=&#8220;{}&#8220;][et_pb_column type=&#8220;4_4&#8243; _builder_version=&#8220;4.16&#8243; _module_preset=&#8220;default&#8220; global_colors_info=&#8220;{}&#8220;][et_pb_text _builder_version=&#8220;4.22.2&#8243; _module_preset=&#8220;9171a5ab-4b16-49db-a0f8-6428bbd4c5d3&#8243; custom_margin=&#8220;||-5px||false|false&#8220; custom_margin_tablet=&#8220;||-8px||false|false&#8220; custom_margin_phone=&#8220;||-8px||false|false&#8220; custom_margin_last_edited=&#8220;on|desktop&#8220; inline_fonts=&#8220;Biennale Regular,Biennale Light&#8220; global_colors_info=&#8220;{}&#8220;]<\/p>\n<h2>Hightech PVD L\u00f6sungen<\/h2>\n<p>[\/et_pb_text][\/et_pb_column][\/et_pb_row][et_pb_row use_custom_gutter=&#8220;on&#8220; _builder_version=&#8220;4.16&#8243; _module_preset=&#8220;bfccc00c-ac70-482f-9713-4846d3a5dda8&#8243; global_colors_info=&#8220;{}&#8220;][et_pb_column type=&#8220;4_4&#8243; _builder_version=&#8220;4.16&#8243; _module_preset=&#8220;default&#8220; global_colors_info=&#8220;{}&#8220;][et_pb_text _builder_version=&#8220;4.22.2&#8243; _module_preset=&#8220;9171a5ab-4b16-49db-a0f8-6428bbd4c5d3&#8243; hover_enabled=&#8220;0&#8243; global_colors_info=&#8220;{}&#8220; sticky_enabled=&#8220;0&#8243;]Swiss-Plas s.r.o ist ein Partner der Swiss-PVD Gruppe mit Hauptsitz in der Schweiz und verf\u00fcgt \u00fcber mehr als 20 Jahre Erfahrung auf dem PVD-Markt. Wir haben uns auf die Verbesserung des Verschlei\u00dfschutzes von Werkzeugen f\u00fcr funktionelle Anwendungen spezialisiert. Unsere innovative Technologie verbessert die Leistung, Lebensdauer und Zuverl\u00e4ssigkeit von Werkzeugen und Komponenten in verschiedenen Industrien deutlich.[\/et_pb_text][\/et_pb_column][\/et_pb_row][\/et_pb_section][et_pb_section fb_built=&#8220;1&#8243; _builder_version=&#8220;4.16&#8243; _module_preset=&#8220;fdba456b-3aab-4823-ac95-30ff89c7be22&#8243; global_colors_info=&#8220;{}&#8220;][et_pb_row column_structure=&#8220;1_2,1_2&#8243; use_custom_gutter=&#8220;on&#8220; gutter_width=&#8220;1&#8243; module_class=&#8220;custom-text&#8220; _builder_version=&#8220;4.16&#8243; _module_preset=&#8220;bfccc00c-ac70-482f-9713-4846d3a5dda8&#8243; global_colors_info=&#8220;{}&#8220;][et_pb_column type=&#8220;1_2&#8243; module_class=&#8220;teaser&#8220; _builder_version=&#8220;4.16&#8243; _module_preset=&#8220;default&#8220; link_option_url=&#8220;https:\/\/swissplas.cz\/beschichtungen\/&#8220; global_colors_info=&#8220;{}&#8220;][et_pb_image src=&#8220;https:\/\/swissplas.cz\/wp-content\/uploads\/2022\/05\/swiss_PVD_Coating_Teaser_Home_1.jpg&#8220; module_class=&#8220;et-zoom-in&#8220; _builder_version=&#8220;4.17.3&#8243; _module_preset=&#8220;default&#8220; global_colors_info=&#8220;{}&#8220;][\/et_pb_image][et_pb_text admin_label=&#8220;Teaser-Text mit Rand B&#8220; _builder_version=&#8220;4.16&#8243; _module_preset=&#8220;default&#8220; text_font=&#8220;Biennale Medium||||||||&#8220; text_text_color=&#8220;#FFFFFF&#8220; text_font_size=&#8220;2.4vw&#8220; text_letter_spacing=&#8220;0px&#8220; header_4_text_color=&#8220;#FFFFFF&#8220; positioning=&#8220;absolute&#8220; position_origin_a=&#8220;bottom_left&#8220; vertical_offset=&#8220;0px&#8220; horizontal_offset=&#8220;3.3vw&#8220; horizontal_offset_tablet=&#8220;5vw&#8220; horizontal_offset_phone=&#8220;5vw&#8220; horizontal_offset_last_edited=&#8220;on|tablet&#8220; width_tablet=&#8220;&#8220; width_phone=&#8220;auto&#8220; width_last_edited=&#8220;on|phone&#8220; custom_margin_tablet=&#8220;&#8220; custom_margin_phone=&#8220;&#8220; custom_margin_last_edited=&#8220;on|tablet&#8220; custom_padding=&#8220;||1.6vw||false|false&#8220; custom_padding_tablet=&#8220;||2vw||false|false&#8220; custom_padding_phone=&#8220;||2vw||false|false&#8220; custom_padding_last_edited=&#8220;on|desktop&#8220; text_font_size_tablet=&#8220;5vw&#8220; text_font_size_phone=&#8220;5vw&#8220; text_font_size_last_edited=&#8220;on|tablet&#8220; border_color_all=&#8220;#FFFFFF&#8220; border_width_bottom=&#8220;1.6vw&#8220; border_width_bottom_tablet=&#8220;2.8vw&#8220; border_width_bottom_phone=&#8220;2.8vw&#8220; border_width_bottom_last_edited=&#8220;on|tablet&#8220; global_colors_info=&#8220;{}&#8220; border_color_bottom__hover_enabled=&#8220;on|desktop&#8220; border_color_bottom__hover=&#8220;#0B6FB5&#8243;]<\/p>\n<p>Beschichtungen<\/p>\n<p>[\/et_pb_text][et_pb_image src=&#8220;https:\/\/swissplas.cz\/wp-content\/uploads\/2022\/01\/Teaser-Pfeil_A.svg&#8220; align=&#8220;right&#8220; _builder_version=&#8220;4.17.3&#8243; _module_preset=&#8220;default&#8220; positioning=&#8220;absolute&#8220; position_origin_a=&#8220;bottom_right&#8220; vertical_offset=&#8220;2.8vw&#8220; horizontal_offset=&#8220;2.2vw&#8220; z_index=&#8220;9&#8243; vertical_offset_tablet=&#8220;3.8vw&#8220; vertical_offset_phone=&#8220;3.8vw&#8220; vertical_offset_last_edited=&#8220;on|tablet&#8220; horizontal_offset_tablet=&#8220;3.8vw&#8220; horizontal_offset_phone=&#8220;3.8vw&#8220; horizontal_offset_last_edited=&#8220;on|tablet&#8220; width=&#8220;3.6vw&#8220; width_tablet=&#8220;8vw&#8220; width_phone=&#8220;8vw&#8220; width_last_edited=&#8220;on|tablet&#8220; global_colors_info=&#8220;{}&#8220;][\/et_pb_image][\/et_pb_column][et_pb_column type=&#8220;1_2&#8243; module_class=&#8220;teaser&#8220; _builder_version=&#8220;4.16&#8243; _module_preset=&#8220;default&#8220; link_option_url=&#8220;https:\/\/swissplas.cz\/service&#8220; global_colors_info=&#8220;{}&#8220;][et_pb_image src=&#8220;https:\/\/swissplas.cz\/wp-content\/uploads\/2022\/02\/swiss_PVD_Coating_Teaser_Home_B.jpg&#8220; module_class=&#8220;et-zoom-in&#8220; _builder_version=&#8220;4.17.3&#8243; _module_preset=&#8220;default&#8220; global_colors_info=&#8220;{}&#8220;][\/et_pb_image][et_pb_text admin_label=&#8220;Teaser-Text mit Rand B&#8220; _builder_version=&#8220;4.16&#8243; _module_preset=&#8220;default&#8220; text_font=&#8220;Biennale Medium||||||||&#8220; text_text_color=&#8220;#FFFFFF&#8220; text_font_size=&#8220;2.4vw&#8220; text_letter_spacing=&#8220;0px&#8220; header_4_text_color=&#8220;#FFFFFF&#8220; positioning=&#8220;absolute&#8220; position_origin_a=&#8220;bottom_left&#8220; vertical_offset=&#8220;0px&#8220; horizontal_offset=&#8220;3.3vw&#8220; horizontal_offset_tablet=&#8220;5vw&#8220; horizontal_offset_phone=&#8220;5vw&#8220; horizontal_offset_last_edited=&#8220;on|tablet&#8220; width_tablet=&#8220;auto&#8220; width_phone=&#8220;auto&#8220; width_last_edited=&#8220;on|desktop&#8220; custom_padding=&#8220;||1.6vw||false|false&#8220; custom_padding_tablet=&#8220;||2vw||false|false&#8220; custom_padding_phone=&#8220;||2vw||false|false&#8220; custom_padding_last_edited=&#8220;on|tablet&#8220; text_font_size_tablet=&#8220;5vw&#8220; text_font_size_phone=&#8220;5vw&#8220; text_font_size_last_edited=&#8220;on|tablet&#8220; border_color_all=&#8220;#FFFFFF&#8220; border_width_bottom=&#8220;1.6vw&#8220; border_width_bottom_tablet=&#8220;2.8vw&#8220; border_width_bottom_phone=&#8220;2.8vw&#8220; border_width_bottom_last_edited=&#8220;on|tablet&#8220; global_colors_info=&#8220;{}&#8220; border_color_bottom__hover_enabled=&#8220;on|desktop&#8220; border_color_bottom__hover=&#8220;#0B6FB5&#8243;]<\/p>\n<p>Service<\/p>\n<p>[\/et_pb_text][et_pb_image src=&#8220;https:\/\/swissplas.cz\/wp-content\/uploads\/2022\/01\/Teaser-Pfeil_A.svg&#8220; align=&#8220;right&#8220; _builder_version=&#8220;4.17.3&#8243; _module_preset=&#8220;default&#8220; positioning=&#8220;absolute&#8220; position_origin_a=&#8220;bottom_right&#8220; vertical_offset=&#8220;2.8vw&#8220; horizontal_offset=&#8220;2.2vw&#8220; z_index=&#8220;9&#8243; vertical_offset_tablet=&#8220;3.8vw&#8220; vertical_offset_phone=&#8220;3.8vw&#8220; vertical_offset_last_edited=&#8220;on|tablet&#8220; horizontal_offset_tablet=&#8220;3.8vw&#8220; horizontal_offset_phone=&#8220;3.8vw&#8220; horizontal_offset_last_edited=&#8220;on|tablet&#8220; width=&#8220;3.6vw&#8220; width_tablet=&#8220;8vw&#8220; width_phone=&#8220;8vw&#8220; width_last_edited=&#8220;on|tablet&#8220; global_colors_info=&#8220;{}&#8220;][\/et_pb_image][\/et_pb_column][\/et_pb_row][\/et_pb_section][et_pb_section fb_built=&#8220;1&#8243; _builder_version=&#8220;4.16&#8243; _module_preset=&#8220;fdba456b-3aab-4823-ac95-30ff89c7be22&#8243; global_colors_info=&#8220;{}&#8220;][et_pb_row _builder_version=&#8220;4.16&#8243; _module_preset=&#8220;bfccc00c-ac70-482f-9713-4846d3a5dda8&#8243; global_colors_info=&#8220;{}&#8220;][et_pb_column type=&#8220;4_4&#8243; _builder_version=&#8220;4.16&#8243; _module_preset=&#8220;default&#8220; global_colors_info=&#8220;{}&#8220;][et_pb_nextend_smart_slider_3 slider=&#8220;2&#8243; _builder_version=&#8220;4.14.2&#8243; _module_preset=&#8220;default&#8220; global_colors_info=&#8220;{}&#8220;][\/et_pb_nextend_smart_slider_3][\/et_pb_column][\/et_pb_row][\/et_pb_section][et_pb_section fb_built=&#8220;1&#8243; _builder_version=&#8220;4.16&#8243; _module_preset=&#8220;fdba456b-3aab-4823-ac95-30ff89c7be22&#8243; global_colors_info=&#8220;{}&#8220;][et_pb_row column_structure=&#8220;1_2,1_2&#8243; use_custom_gutter=&#8220;on&#8220; gutter_width=&#8220;4&#8243; make_equal=&#8220;on&#8220; _builder_version=&#8220;4.16&#8243; _module_preset=&#8220;bfccc00c-ac70-482f-9713-4846d3a5dda8&#8243; global_colors_info=&#8220;{}&#8220;][et_pb_column type=&#8220;1_2&#8243; _builder_version=&#8220;4.16&#8243; _module_preset=&#8220;default&#8220; background_color=&#8220;#eef3f6&#8243; link_option_url=&#8220;https:\/\/swissplas.cz\/news\/&#8220; global_colors_info=&#8220;{}&#8220;][et_pb_text _builder_version=&#8220;4.22.2&#8243; _module_preset=&#8220;default&#8220; text_font=&#8220;Biennale Medium||||||||&#8220; text_text_color=&#8220;#FFFFFF&#8220; text_font_size=&#8220;7.2vw&#8220; text_letter_spacing=&#8220;4px&#8220; width=&#8220;100%&#8220; custom_margin=&#8220;-1.5vw||0px||false|false&#8220; custom_margin_tablet=&#8220;0vw||||false|false&#8220; custom_margin_phone=&#8220;0vw||||false|false&#8220; custom_margin_last_edited=&#8220;on|desktop&#8220; custom_padding=&#8220;|||0.8vw|false|false&#8220; text_font_size_tablet=&#8220;85px&#8220; text_font_size_phone=&#8220;55px&#8220; text_font_size_last_edited=&#8220;on|phone&#8220; text_letter_spacing_tablet=&#8220;4px&#8220; text_letter_spacing_phone=&#8220;4px&#8220; text_letter_spacing_last_edited=&#8220;on|tablet&#8220; global_colors_info=&#8220;{}&#8220;]<\/p>\n<p>News<\/p>\n<p>[\/et_pb_text][et_pb_text _builder_version=&#8220;4.22.2&#8243; _module_preset=&#8220;default&#8220; text_text_color=&#8220;rgba(18,48,73,0.67)&#8220; custom_margin=&#8220;-0.8vw||0.4vw||false|false&#8220; custom_padding=&#8220;|2vw||2.6vw|false|false&#8220; global_colors_info=&#8220;{}&#8220;]07.04.2025[\/et_pb_text][et_pb_text _builder_version=&#8220;4.22.2&#8243; _module_preset=&#8220;9171a5ab-4b16-49db-a0f8-6428bbd4c5d3&#8243; custom_margin=&#8220;||1vw||false|false&#8220; custom_padding=&#8220;|2vw||2.6vw|false|false&#8220; global_colors_info=&#8220;{}&#8220;]<\/p>\n<h3>Neue PVD Schichten bei Swiss-Plas<\/h3>\n<p>[\/et_pb_text][et_pb_text _builder_version=&#8220;4.22.2&#8243; _module_preset=&#8220;default&#8220; custom_margin=&#8220;||7.2vw||false|false&#8220; custom_margin_tablet=&#8220;||102px||false|false&#8220; custom_margin_phone=&#8220;||76px||false|false&#8220; custom_margin_last_edited=&#8220;on|phone&#8220; custom_padding=&#8220;|2vw||2.6vw|false|false&#8220; global_colors_info=&#8220;{}&#8220;]<\/p>\n<p>Swiss-Plas s.r.o bringt im Jahr 2024 drei neue PVD-Beschichtungen auf den Markt<\/p>\n<p>[\/et_pb_text][et_pb_button button_url=&#8220;https:\/\/swissplas.cz\/news\/&#8220; button_text=&#8220;Mehr erfahren&#8220; _builder_version=&#8220;4.16&#8243; _module_preset=&#8220;default&#8220; custom_button=&#8220;on&#8220; button_text_size=&#8220;19px&#8220; button_text_color=&#8220;rgba(18,48,73,0.76)&#8220; button_border_color=&#8220;rgba(18,48,73,0.46)&#8220; button_border_radius=&#8220;100px&#8220; button_use_icon=&#8220;off&#8220; positioning=&#8220;absolute&#8220; position_origin_a=&#8220;bottom_left&#8220; custom_margin=&#8220;||2vw|2.6vw|false|false&#8220; custom_margin_tablet=&#8220;||32px||false|false&#8220; custom_margin_phone=&#8220;||20px||false|false&#8220; custom_margin_last_edited=&#8220;on|desktop&#8220; custom_padding=&#8220;||||false|false&#8220; button_text_size_tablet=&#8220;18px&#8220; button_text_size_phone=&#8220;16px&#8220; button_text_size_last_edited=&#8220;on|desktop&#8220; global_colors_info=&#8220;{}&#8220;][\/et_pb_button][\/et_pb_column][et_pb_column type=&#8220;1_2&#8243; _builder_version=&#8220;4.16&#8243; _module_preset=&#8220;default&#8220; background_color=&#8220;#eef3f6&#8243; link_option_url=&#8220;https:\/\/swissplas.cz\/news\/&#8220; global_colors_info=&#8220;{}&#8220;][et_pb_text _builder_version=&#8220;4.22.2&#8243; _module_preset=&#8220;default&#8220; text_font=&#8220;Biennale Medium||||||||&#8220; text_text_color=&#8220;#FFFFFF&#8220; text_font_size=&#8220;7.2vw&#8220; text_letter_spacing=&#8220;4px&#8220; width=&#8220;100%&#8220; custom_margin=&#8220;-1.5vw||0px||false|false&#8220; custom_margin_tablet=&#8220;0vw||||false|false&#8220; custom_margin_phone=&#8220;0vw||||false|false&#8220; custom_margin_last_edited=&#8220;on|desktop&#8220; custom_padding=&#8220;|||0.8vw|false|false&#8220; text_font_size_tablet=&#8220;85px&#8220; text_font_size_phone=&#8220;55px&#8220; text_font_size_last_edited=&#8220;on|phone&#8220; text_letter_spacing_tablet=&#8220;4px&#8220; text_letter_spacing_phone=&#8220;4px&#8220; text_letter_spacing_last_edited=&#8220;on|tablet&#8220; global_colors_info=&#8220;{}&#8220;]<\/p>\n<p>News<\/p>\n<p>[\/et_pb_text][et_pb_text _builder_version=&#8220;4.22.2&#8243; _module_preset=&#8220;default&#8220; text_text_color=&#8220;rgba(18,48,73,0.67)&#8220; custom_margin=&#8220;-0.8vw||0.4vw||false|false&#8220; custom_padding=&#8220;|2vw||2.6vw|false|false&#8220; global_colors_info=&#8220;{}&#8220;]01.04.2025[\/et_pb_text][et_pb_text _builder_version=&#8220;4.22.2&#8243; _module_preset=&#8220;9171a5ab-4b16-49db-a0f8-6428bbd4c5d3&#8243; custom_margin=&#8220;||1vw||false|false&#8220; custom_padding=&#8220;|2vw||2.6vw|false|false&#8220; global_colors_info=&#8220;{}&#8220;]<\/p>\n<h3>unsere neue Webseite ist online<\/h3>\n<p>[\/et_pb_text][et_pb_text _builder_version=&#8220;4.22.2&#8243; _module_preset=&#8220;default&#8220; custom_margin=&#8220;||7.2vw||false|false&#8220; custom_margin_tablet=&#8220;||102px||false|false&#8220; custom_margin_phone=&#8220;||76px||false|false&#8220; custom_margin_last_edited=&#8220;on|phone&#8220; custom_padding=&#8220;|2vw||2.6vw|false|false&#8220; global_colors_info=&#8220;{}&#8220;]<\/p>\n<p> Wir freuen uns auf Ihren Besuch auf unserer neuen Webseite<\/p>\n<p>[\/et_pb_text][et_pb_button button_url=&#8220;https:\/\/swissplas.cz\/news\/&#8220; button_text=&#8220;Mehr erfahren&#8220; _builder_version=&#8220;4.16&#8243; _module_preset=&#8220;default&#8220; custom_button=&#8220;on&#8220; button_text_size=&#8220;19px&#8220; button_text_color=&#8220;rgba(18,48,73,0.76)&#8220; button_border_color=&#8220;rgba(18,48,73,0.46)&#8220; button_border_radius=&#8220;100px&#8220; button_use_icon=&#8220;off&#8220; positioning=&#8220;absolute&#8220; position_origin_a=&#8220;bottom_left&#8220; custom_margin=&#8220;||2vw|2.6vw|false|false&#8220; custom_margin_tablet=&#8220;||32px||false|false&#8220; custom_margin_phone=&#8220;||20px||false|false&#8220; custom_margin_last_edited=&#8220;on|desktop&#8220; custom_padding=&#8220;||||false|false&#8220; button_text_size_tablet=&#8220;18px&#8220; button_text_size_phone=&#8220;16px&#8220; button_text_size_last_edited=&#8220;on|desktop&#8220; global_colors_info=&#8220;{}&#8220;][\/et_pb_button][\/et_pb_column][\/et_pb_row][\/et_pb_section][et_pb_section fb_built=&#8220;1&#8243; _builder_version=&#8220;4.22.2&#8243; _module_preset=&#8220;fdba456b-3aab-4823-ac95-30ff89c7be22&#8243; global_colors_info=&#8220;{}&#8220;][\/et_pb_section]<\/p>\n","protected":false},"excerpt":{"rendered":"<p>PVD BeschichtungenSwiss-Plas s.r.oHightech PVD L\u00f6sungenSwiss-Plas s.r.o ist ein Partner der Swiss-PVD Gruppe mit Hauptsitz in der Schweiz und verf\u00fcgt \u00fcber mehr als 20 Jahre Erfahrung auf dem PVD-Markt. Wir haben uns auf die Verbesserung des Verschlei\u00dfschutzes von Werkzeugen f\u00fcr funktionelle Anwendungen spezialisiert. Unsere innovative Technologie verbessert die Leistung, Lebensdauer und Zuverl\u00e4ssigkeit von Werkzeugen und Komponenten [&hellip;]<\/p>\n","protected":false},"author":1,"featured_media":0,"parent":0,"menu_order":0,"comment_status":"closed","ping_status":"closed","template":"","meta":{"_et_pb_use_builder":"on","_et_pb_old_content":"","_et_gb_content_width":"","footnotes":""},"class_list":["post-2479","page","type-page","status-publish","hentry"],"_links":{"self":[{"href":"https:\/\/swissplas.cz\/de\/wp-json\/wp\/v2\/pages\/2479","targetHints":{"allow":["GET"]}}],"collection":[{"href":"https:\/\/swissplas.cz\/de\/wp-json\/wp\/v2\/pages"}],"about":[{"href":"https:\/\/swissplas.cz\/de\/wp-json\/wp\/v2\/types\/page"}],"author":[{"embeddable":true,"href":"https:\/\/swissplas.cz\/de\/wp-json\/wp\/v2\/users\/1"}],"replies":[{"embeddable":true,"href":"https:\/\/swissplas.cz\/de\/wp-json\/wp\/v2\/comments?post=2479"}],"version-history":[{"count":22,"href":"https:\/\/swissplas.cz\/de\/wp-json\/wp\/v2\/pages\/2479\/revisions"}],"predecessor-version":[{"id":6267,"href":"https:\/\/swissplas.cz\/de\/wp-json\/wp\/v2\/pages\/2479\/revisions\/6267"}],"wp:attachment":[{"href":"https:\/\/swissplas.cz\/de\/wp-json\/wp\/v2\/media?parent=2479"}],"curies":[{"name":"wp","href":"https:\/\/api.w.org\/{rel}","templated":true}]}}