{"id":11,"date":"2021-12-14T09:30:45","date_gmt":"2021-12-14T09:30:45","guid":{"rendered":"https:\/\/swissplas.cz\/?page_id=11"},"modified":"2025-04-01T15:51:31","modified_gmt":"2025-04-01T13:51:31","slug":"ueber-uns","status":"publish","type":"page","link":"https:\/\/swissplas.cz\/de\/ueber-uns\/","title":{"rendered":"\u00dcber uns"},"content":{"rendered":"<p>[et_pb_section fb_built=&#8220;1&#8243; _builder_version=&#8220;4.16&#8243; _module_preset=&#8220;fdba456b-3aab-4823-ac95-30ff89c7be22&#8243; background_image=&#8220;https:\/\/swissplas.cz\/wp-content\/uploads\/2022\/02\/swiss_PVD_Coating_Header_Bild_Ueber_uns.jpg&#8220; global_colors_info=&#8220;{}&#8220;][et_pb_row _builder_version=&#8220;4.16&#8243; _module_preset=&#8220;bfccc00c-ac70-482f-9713-4846d3a5dda8&#8243; min_height=&#8220;35vw&#8220; min_height_tablet=&#8220;35vw&#8220; min_height_phone=&#8220;35vw&#8220; min_height_last_edited=&#8220;on|desktop&#8220; custom_css_main_element=&#8220;display: flex;||flex-direction: column;||justify-content:flex-end;&#8220; global_colors_info=&#8220;{}&#8220;][et_pb_column type=&#8220;4_4&#8243; _builder_version=&#8220;4.16&#8243; _module_preset=&#8220;default&#8220; global_colors_info=&#8220;{}&#8220;][et_pb_text _builder_version=&#8220;4.22.2&#8243; _module_preset=&#8220;default&#8220; header_text_color=&#8220;#FFFFFF&#8220; custom_margin=&#8220;||-7px||false|false&#8220; custom_margin_tablet=&#8220;||-9px||false|false&#8220; custom_margin_phone=&#8220;||-10px||false|false&#8220; custom_margin_last_edited=&#8220;on|desktop&#8220; hover_enabled=&#8220;0&#8243; global_colors_info=&#8220;{}&#8220; sticky_enabled=&#8220;0&#8243;]<\/p>\n<h1>Wir stellen uns gerne vor<\/h1>\n<p>[\/et_pb_text][et_pb_text module_class=&#8220;light&#8220; _builder_version=&#8220;4.22.2&#8243; _module_preset=&#8220;default&#8220; header_font=&#8220;Biennale Light||||||||&#8220; header_text_color=&#8220;#FFFFFF&#8220; custom_margin=&#8220;||18px||false|false&#8220; custom_margin_tablet=&#8220;||10px||false|false&#8220; custom_margin_phone=&#8220;||10px||false|false&#8220; custom_margin_last_edited=&#8220;on|desktop&#8220; hover_enabled=&#8220;0&#8243; global_colors_info=&#8220;{}&#8220; sticky_enabled=&#8220;0&#8243;]<\/p>\n<h1>Die Swiss-Plas s.r.o auf einen Blick<\/h1>\n<p>[\/et_pb_text][et_pb_image src=&#8220;https:\/\/swissplas.cz\/wp-content\/uploads\/2022\/01\/Header_Pfeil.svg&#8220; url=&#8220;#starttext&#8220; _builder_version=&#8220;4.17.3&#8243; _module_preset=&#8220;default&#8220; width=&#8220;70px&#8220; width_tablet=&#8220;55px&#8220; width_phone=&#8220;45px&#8220; width_last_edited=&#8220;on|desktop&#8220; hover_enabled=&#8220;0&#8243; global_colors_info=&#8220;{}&#8220; sticky_enabled=&#8220;0&#8243;][\/et_pb_image][\/et_pb_column][\/et_pb_row][\/et_pb_section][et_pb_section fb_built=&#8220;1&#8243; module_id=&#8220;starttext&#8220; _builder_version=&#8220;4.16&#8243; _module_preset=&#8220;fdba456b-3aab-4823-ac95-30ff89c7be22&#8243; custom_padding=&#8220;80px|||||&#8220; global_colors_info=&#8220;{}&#8220;][et_pb_row _builder_version=&#8220;4.16&#8243; _module_preset=&#8220;bfccc00c-ac70-482f-9713-4846d3a5dda8&#8243; global_colors_info=&#8220;{}&#8220;][et_pb_column type=&#8220;4_4&#8243; _builder_version=&#8220;4.16&#8243; _module_preset=&#8220;default&#8220; global_colors_info=&#8220;{}&#8220;][et_pb_text _builder_version=&#8220;4.16&#8243; _module_preset=&#8220;9171a5ab-4b16-49db-a0f8-6428bbd4c5d3&#8243; custom_margin=&#8220;||-5px||false|false&#8220; custom_margin_tablet=&#8220;||-8px||false|false&#8220; custom_margin_phone=&#8220;||-8px||false|false&#8220; custom_margin_last_edited=&#8220;on|desktop&#8220; hover_enabled=&#8220;0&#8243; inline_fonts=&#8220;Biennale Regular,Biennale Light&#8220; global_colors_info=&#8220;{}&#8220; sticky_enabled=&#8220;0&#8243;]<\/p>\n<h2>PVD L\u00f6sungen f\u00fcr alle Anwendungen<\/h2>\n<p>[\/et_pb_text][et_pb_text _builder_version=&#8220;4.22.2&#8243; _module_preset=&#8220;9171a5ab-4b16-49db-a0f8-6428bbd4c5d3&#8243; header_2_font=&#8220;Biennale Light||||||||&#8220; hover_enabled=&#8220;0&#8243; inline_fonts=&#8220;Biennale Regular,Biennale Light&#8220; global_colors_info=&#8220;{}&#8220; sticky_enabled=&#8220;0&#8243;]<\/p>\n<h2>\u00dcber 20 Jahre Erfahrungen in der Oberfl\u00e4chentechnik<\/h2>\n<p>[\/et_pb_text][\/et_pb_column][\/et_pb_row][et_pb_row custom_padding_last_edited=&#8220;on|desktop&#8220; _builder_version=&#8220;4.16&#8243; _module_preset=&#8220;bfccc00c-ac70-482f-9713-4846d3a5dda8&#8243; custom_margin=&#8220;||||false|false&#8220; custom_padding=&#8220;|9vw|||false|false&#8220; custom_padding_tablet=&#8220;15px|0px|15px||false|false&#8220; custom_padding_phone=&#8220;10px|0px|10px||false|false&#8220; global_colors_info=&#8220;{}&#8220;][et_pb_column type=&#8220;4_4&#8243; _builder_version=&#8220;4.16&#8243; _module_preset=&#8220;default&#8220; global_colors_info=&#8220;{}&#8220;][et_pb_text _builder_version=&#8220;4.16&#8243; _module_preset=&#8220;fb63da07-1cd9-4da5-9698-5a35610b84a7&#8243; hover_enabled=&#8220;0&#8243; global_colors_info=&#8220;{}&#8220; sticky_enabled=&#8220;0&#8243;]<\/p>\n<p>Wir sind f\u00fchrend in der Anwendung der High-Density Plasma Lichtbogen-Technologie auf Rechteck Fl\u00e4chen-Targets. Diese Entwicklung f\u00fchrt zu einer deutlichen Verbesserung der Beschichtungsdichte, sowie zu h\u00f6herer H\u00e4rte und Z\u00e4higkeit der PVD-Schichten.<\/p>\n<p>Durch die enge Zusammenarbeit mit unserer Schwesterfirma new-arc ag in der Schicht-Entwicklung, sowie swiss-pvd SA im Anlagenbau, ergeben sich gewinnbringende Synergien. Als Kunde profitieren Sie von der jahrelangen Erfahrung im Anlagenbau, Schichtentwicklung und Lohnfertigung.<\/p>\n<p>[\/et_pb_text][\/et_pb_column][\/et_pb_row][\/et_pb_section][et_pb_section fb_built=&#8220;1&#8243; _builder_version=&#8220;4.16&#8243; _module_preset=&#8220;fdba456b-3aab-4823-ac95-30ff89c7be22&#8243; global_colors_info=&#8220;{}&#8220;][et_pb_row column_structure=&#8220;1_2,1_2&#8243; use_custom_gutter=&#8220;on&#8220; gutter_width=&#8220;1&#8243; module_class=&#8220;custom-text&#8220; _builder_version=&#8220;4.16&#8243; _module_preset=&#8220;bfccc00c-ac70-482f-9713-4846d3a5dda8&#8243; global_colors_info=&#8220;{}&#8220;][et_pb_column type=&#8220;1_2&#8243; module_class=&#8220;teaser&#8220; _builder_version=&#8220;4.16&#8243; _module_preset=&#8220;default&#8220; link_option_url=&#8220;https:\/\/swissplas.cz\/technologie\/&#8220; global_colors_info=&#8220;{}&#8220;][et_pb_image src=&#8220;https:\/\/swissplas.cz\/wp-content\/uploads\/2022\/03\/swiss_PVD_Coating_Teaser_Ueber_uns_A.jpg&#8220; module_class=&#8220;et-zoom-in&#8220; _builder_version=&#8220;4.17.3&#8243; _module_preset=&#8220;default&#8220; hover_enabled=&#8220;0&#8243; global_colors_info=&#8220;{}&#8220; sticky_enabled=&#8220;0&#8243;][\/et_pb_image][et_pb_text admin_label=&#8220;Teaser-Text mit Rand B&#8220; _builder_version=&#8220;4.22.2&#8243; _module_preset=&#8220;default&#8220; text_font=&#8220;Biennale Medium||||||||&#8220; text_text_color=&#8220;#FFFFFF&#8220; text_font_size=&#8220;2.4vw&#8220; text_letter_spacing=&#8220;0px&#8220; header_4_text_color=&#8220;#FFFFFF&#8220; positioning=&#8220;absolute&#8220; position_origin_a=&#8220;bottom_left&#8220; vertical_offset=&#8220;0px&#8220; horizontal_offset=&#8220;3.3vw&#8220; horizontal_offset_tablet=&#8220;5vw&#8220; horizontal_offset_phone=&#8220;5vw&#8220; horizontal_offset_last_edited=&#8220;on|tablet&#8220; width_tablet=&#8220;&#8220; width_phone=&#8220;auto&#8220; width_last_edited=&#8220;on|phone&#8220; custom_margin_tablet=&#8220;&#8220; custom_margin_phone=&#8220;&#8220; custom_margin_last_edited=&#8220;on|tablet&#8220; custom_padding=&#8220;||1.6vw||false|false&#8220; custom_padding_tablet=&#8220;||2vw||false|false&#8220; custom_padding_phone=&#8220;||2vw||false|false&#8220; custom_padding_last_edited=&#8220;on|desktop&#8220; hover_enabled=&#8220;0&#8243; text_font_size_tablet=&#8220;5vw&#8220; text_font_size_phone=&#8220;5vw&#8220; text_font_size_last_edited=&#8220;on|tablet&#8220; border_color_all=&#8220;#FFFFFF&#8220; border_width_bottom=&#8220;1.6vw&#8220; border_width_bottom_tablet=&#8220;2.8vw&#8220; border_width_bottom_phone=&#8220;2.8vw&#8220; border_width_bottom_last_edited=&#8220;on|tablet&#8220; global_colors_info=&#8220;{}&#8220; border_color_bottom__hover_enabled=&#8220;on|desktop&#8220; border_color_bottom__hover=&#8220;#0B6FB5&#8243; sticky_enabled=&#8220;0&#8243;]<\/p>\n<p>Technologie<\/p>\n<p>[\/et_pb_text][et_pb_image src=&#8220;https:\/\/swissplas.cz\/wp-content\/uploads\/2022\/01\/Teaser-Pfeil_A.svg&#8220; align=&#8220;right&#8220; _builder_version=&#8220;4.17.3&#8243; _module_preset=&#8220;default&#8220; positioning=&#8220;absolute&#8220; position_origin_a=&#8220;bottom_right&#8220; vertical_offset=&#8220;2.8vw&#8220; horizontal_offset=&#8220;2.2vw&#8220; z_index=&#8220;9&#8243; vertical_offset_tablet=&#8220;3.8vw&#8220; vertical_offset_phone=&#8220;3.8vw&#8220; vertical_offset_last_edited=&#8220;on|tablet&#8220; horizontal_offset_tablet=&#8220;3.8vw&#8220; horizontal_offset_phone=&#8220;3.8vw&#8220; horizontal_offset_last_edited=&#8220;on|tablet&#8220; width=&#8220;3.6vw&#8220; width_tablet=&#8220;8vw&#8220; width_phone=&#8220;8vw&#8220; width_last_edited=&#8220;on|tablet&#8220; global_colors_info=&#8220;{}&#8220;][\/et_pb_image][\/et_pb_column][et_pb_column type=&#8220;1_2&#8243; module_class=&#8220;teaser&#8220; _builder_version=&#8220;4.16&#8243; _module_preset=&#8220;default&#8220; link_option_url=&#8220;https:\/\/swissplas.cz\/kontaktpersonen\/&#8220; global_colors_info=&#8220;{}&#8220;][et_pb_image src=&#8220;https:\/\/swissplas.cz\/wp-content\/uploads\/2022\/05\/swiss_PVD_Coating_Teaser_Ueber_uns_2.jpg&#8220; module_class=&#8220;et-zoom-in&#8220; _builder_version=&#8220;4.22.2&#8243; _module_preset=&#8220;default&#8220; hover_enabled=&#8220;0&#8243; global_colors_info=&#8220;{}&#8220; sticky_enabled=&#8220;0&#8243;][\/et_pb_image][et_pb_text admin_label=&#8220;Teaser-Text mit Rand B&#8220; _builder_version=&#8220;4.16&#8243; _module_preset=&#8220;default&#8220; text_font=&#8220;Biennale Medium||||||||&#8220; text_text_color=&#8220;#FFFFFF&#8220; text_font_size=&#8220;2.4vw&#8220; text_letter_spacing=&#8220;0px&#8220; header_4_text_color=&#8220;#FFFFFF&#8220; positioning=&#8220;absolute&#8220; position_origin_a=&#8220;bottom_left&#8220; vertical_offset=&#8220;0px&#8220; horizontal_offset=&#8220;3.3vw&#8220; horizontal_offset_tablet=&#8220;5vw&#8220; horizontal_offset_phone=&#8220;5vw&#8220; horizontal_offset_last_edited=&#8220;on|tablet&#8220; width_tablet=&#8220;auto&#8220; width_phone=&#8220;auto&#8220; width_last_edited=&#8220;on|desktop&#8220; custom_padding=&#8220;||1.6vw||false|false&#8220; custom_padding_tablet=&#8220;||2vw||false|false&#8220; custom_padding_phone=&#8220;||2vw||false|false&#8220; custom_padding_last_edited=&#8220;on|tablet&#8220; text_font_size_tablet=&#8220;5vw&#8220; text_font_size_phone=&#8220;5vw&#8220; text_font_size_last_edited=&#8220;on|tablet&#8220; border_color_all=&#8220;#FFFFFF&#8220; border_width_bottom=&#8220;1.6vw&#8220; border_width_bottom_tablet=&#8220;2.8vw&#8220; border_width_bottom_phone=&#8220;2.8vw&#8220; border_width_bottom_last_edited=&#8220;on|tablet&#8220; global_colors_info=&#8220;{}&#8220; border_color_bottom__hover_enabled=&#8220;on|desktop&#8220; border_color_bottom__hover=&#8220;#0B6FB5&#8243;]<\/p>\n<p>Kontaktpersonen<\/p>\n<p>[\/et_pb_text][et_pb_image src=&#8220;https:\/\/swissplas.cz\/wp-content\/uploads\/2022\/01\/Teaser-Pfeil_A.svg&#8220; align=&#8220;right&#8220; _builder_version=&#8220;4.17.3&#8243; _module_preset=&#8220;default&#8220; positioning=&#8220;absolute&#8220; position_origin_a=&#8220;bottom_right&#8220; vertical_offset=&#8220;2.8vw&#8220; horizontal_offset=&#8220;2.2vw&#8220; z_index=&#8220;9&#8243; vertical_offset_tablet=&#8220;3.8vw&#8220; vertical_offset_phone=&#8220;3.8vw&#8220; vertical_offset_last_edited=&#8220;on|tablet&#8220; horizontal_offset_tablet=&#8220;3.8vw&#8220; horizontal_offset_phone=&#8220;3.8vw&#8220; horizontal_offset_last_edited=&#8220;on|tablet&#8220; width=&#8220;3.6vw&#8220; width_tablet=&#8220;8vw&#8220; width_phone=&#8220;8vw&#8220; width_last_edited=&#8220;on|tablet&#8220; global_colors_info=&#8220;{}&#8220;][\/et_pb_image][\/et_pb_column][\/et_pb_row][\/et_pb_section][et_pb_section fb_built=&#8220;1&#8243; _builder_version=&#8220;4.16&#8243; _module_preset=&#8220;fdba456b-3aab-4823-ac95-30ff89c7be22&#8243; custom_padding=&#8220;||||false|false&#8220; global_colors_info=&#8220;{}&#8220;][et_pb_row _builder_version=&#8220;4.16&#8243; _module_preset=&#8220;bfccc00c-ac70-482f-9713-4846d3a5dda8&#8243; global_colors_info=&#8220;{}&#8220;][et_pb_column type=&#8220;4_4&#8243; _builder_version=&#8220;4.16&#8243; _module_preset=&#8220;default&#8220; global_colors_info=&#8220;{}&#8220;][et_pb_text _builder_version=&#8220;4.16&#8243; _module_preset=&#8220;9171a5ab-4b16-49db-a0f8-6428bbd4c5d3&#8243; custom_margin=&#8220;||-5px||false|false&#8220; custom_margin_tablet=&#8220;||-8px||false|false&#8220; custom_margin_phone=&#8220;||-8px||false|false&#8220; custom_margin_last_edited=&#8220;on|desktop&#8220; hover_enabled=&#8220;0&#8243; inline_fonts=&#8220;Biennale Regular,Biennale Light&#8220; global_colors_info=&#8220;{}&#8220; sticky_enabled=&#8220;0&#8243;]<\/p>\n<h2>Unsere Partner<\/h2>\n<p>[\/et_pb_text][et_pb_text _builder_version=&#8220;4.16&#8243; _module_preset=&#8220;9171a5ab-4b16-49db-a0f8-6428bbd4c5d3&#8243; header_2_font=&#8220;Biennale Light||||||||&#8220; hover_enabled=&#8220;0&#8243; inline_fonts=&#8220;Biennale Regular,Biennale Light&#8220; global_colors_info=&#8220;{}&#8220; sticky_enabled=&#8220;0&#8243;]<\/p>\n<h2>Synergien nutzen<\/h2>\n<p>[\/et_pb_text][\/et_pb_column][\/et_pb_row][et_pb_row custom_padding_last_edited=&#8220;on|desktop&#8220; _builder_version=&#8220;4.16&#8243; _module_preset=&#8220;bfccc00c-ac70-482f-9713-4846d3a5dda8&#8243; custom_margin=&#8220;||||false|false&#8220; custom_padding=&#8220;|9vw|||false|false&#8220; custom_padding_tablet=&#8220;15px|0px|15px||false|false&#8220; custom_padding_phone=&#8220;10px|0px|10px||false|false&#8220; global_colors_info=&#8220;{}&#8220;][et_pb_column type=&#8220;4_4&#8243; _builder_version=&#8220;4.16&#8243; _module_preset=&#8220;default&#8220; global_colors_info=&#8220;{}&#8220;][et_pb_text _builder_version=&#8220;4.16&#8243; _module_preset=&#8220;fb63da07-1cd9-4da5-9698-5a35610b84a7&#8243; hover_enabled=&#8220;0&#8243; global_colors_info=&#8220;{}&#8220; sticky_enabled=&#8220;0&#8243;]<\/p>\n<p>Die enge Zusammenarbeit mit unseren Partnern erm\u00f6glicht es uns die Ressourcen gezielt zu nutzen und Ihnen unsere Technologie auf h\u00f6chstem Niveau anzubieten. Das erlaubt uns Ihnen eine ideale L\u00f6sung angepasst an Ihre Bed\u00fcrfnisse anzubieten.<\/p>\n<p>[\/et_pb_text][et_pb_button button_url=&#8220;https:\/\/swissplas.cz\/partner\/&#8220; button_text=&#8220;Partner&#8220; _builder_version=&#8220;4.16&#8243; _module_preset=&#8220;default&#8220; custom_button=&#8220;on&#8220; button_text_size=&#8220;19px&#8220; button_text_color=&#8220;#FFFFFF&#8220; button_bg_color=&#8220;#0B6FB5&#8243; button_border_color=&#8220;RGBA(255,255,255,0)&#8220; button_border_radius=&#8220;100px&#8220; button_letter_spacing=&#8220;1px&#8220; button_font=&#8220;Biennale Medium||||||||&#8220; button_use_icon=&#8220;off&#8220; hover_enabled=&#8220;0&#8243; button_text_size_tablet=&#8220;18px&#8220; button_text_size_phone=&#8220;16px&#8220; button_text_size_last_edited=&#8220;on|desktop&#8220; button_bg_color_last_edited=&#8220;off|desktop&#8220; global_colors_info=&#8220;{}&#8220; button_bg_color__hover_enabled=&#8220;on|hover&#8220; button_bg_color__hover=&#8220;#123049&#8243; button_bg_enable_color__hover=&#8220;on&#8220; sticky_enabled=&#8220;0&#8243;][\/et_pb_button][\/et_pb_column][\/et_pb_row][\/et_pb_section][et_pb_section fb_built=&#8220;1&#8243; _builder_version=&#8220;4.16&#8243; _module_preset=&#8220;fdba456b-3aab-4823-ac95-30ff89c7be22&#8243; global_colors_info=&#8220;{}&#8220;][\/et_pb_section]<\/p>\n","protected":false},"excerpt":{"rendered":"<p>Wir stellen uns gerne vorDie Swiss-Plas s.r.o auf einen BlickPVD L\u00f6sungen f\u00fcr alle Anwendungen\u00dcber 20 Jahre Erfahrungen in der Oberfl\u00e4chentechnikWir sind f\u00fchrend in der Anwendung der High-Density Plasma Lichtbogen-Technologie auf Rechteck Fl\u00e4chen-Targets. Diese Entwicklung f\u00fchrt zu einer deutlichen Verbesserung der Beschichtungsdichte, sowie zu h\u00f6herer H\u00e4rte und Z\u00e4higkeit der PVD-Schichten. Durch die enge Zusammenarbeit mit unserer [&hellip;]<\/p>\n","protected":false},"author":1,"featured_media":0,"parent":0,"menu_order":0,"comment_status":"closed","ping_status":"closed","template":"","meta":{"_et_pb_use_builder":"on","_et_pb_old_content":"","_et_gb_content_width":"","footnotes":""},"class_list":["post-11","page","type-page","status-publish","hentry"],"_links":{"self":[{"href":"https:\/\/swissplas.cz\/de\/wp-json\/wp\/v2\/pages\/11","targetHints":{"allow":["GET"]}}],"collection":[{"href":"https:\/\/swissplas.cz\/de\/wp-json\/wp\/v2\/pages"}],"about":[{"href":"https:\/\/swissplas.cz\/de\/wp-json\/wp\/v2\/types\/page"}],"author":[{"embeddable":true,"href":"https:\/\/swissplas.cz\/de\/wp-json\/wp\/v2\/users\/1"}],"replies":[{"embeddable":true,"href":"https:\/\/swissplas.cz\/de\/wp-json\/wp\/v2\/comments?post=11"}],"version-history":[{"count":46,"href":"https:\/\/swissplas.cz\/de\/wp-json\/wp\/v2\/pages\/11\/revisions"}],"predecessor-version":[{"id":5853,"href":"https:\/\/swissplas.cz\/de\/wp-json\/wp\/v2\/pages\/11\/revisions\/5853"}],"wp:attachment":[{"href":"https:\/\/swissplas.cz\/de\/wp-json\/wp\/v2\/media?parent=11"}],"curies":[{"name":"wp","href":"https:\/\/api.w.org\/{rel}","templated":true}]}}